{"id":1338,"date":"2025-05-20T20:49:24","date_gmt":"2025-05-21T00:49:24","guid":{"rendered":"https:\/\/stage.myriadprivatewealth.com\/our-process\/"},"modified":"2025-12-18T12:17:45","modified_gmt":"2025-12-18T16:17:45","slug":"notre-demarche","status":"publish","type":"page","link":"https:\/\/stage.myriadprivatewealth.com\/fr\/notre-demarche\/","title":{"rendered":"Notre d\u00e9marche"},"content":{"rendered":"\t\t<div data-elementor-type=\"wp-page\" data-elementor-id=\"1338\" class=\"elementor elementor-1338 elementor-67\" data-elementor-post-type=\"page\">\n\t\t\t\t<div class=\"elementor-element elementor-element-2fb47c7c e-con-full e-flex e-con e-parent\" data-id=\"2fb47c7c\" data-element_type=\"container\" data-e-type=\"container\" data-settings=\"{&quot;background_background&quot;:&quot;classic&quot;}\">\n\t\t<div class=\"elementor-element elementor-element-6ce5dcd8 e-flex e-con-boxed e-con e-child\" data-id=\"6ce5dcd8\" data-element_type=\"container\" data-e-type=\"container\">\n\t\t\t\t\t<div class=\"e-con-inner\">\n\t\t<div class=\"elementor-element elementor-element-7df5c973 e-con-full e-flex e-con e-child\" data-id=\"7df5c973\" data-element_type=\"container\" data-e-type=\"container\">\n\t\t\t\t<div class=\"elementor-element elementor-element-17a43a8d elementor-widget elementor-widget-heading\" data-id=\"17a43a8d\" data-element_type=\"widget\" data-e-type=\"widget\" data-widget_type=\"heading.default\">\n\t\t\t\t<div class=\"elementor-widget-container\">\n\t\t\t\t\t<h1 class=\"elementor-heading-title elementor-size-default\"><span>Notre<\/span> d\u00e9marche<\/h1>\t\t\t\t<\/div>\n\t\t\t\t<\/div>\n\t\t\t\t<div class=\"elementor-element elementor-element-356471c elementor-widget__width-initial elementor-widget elementor-widget-text-editor\" data-id=\"356471c\" data-element_type=\"widget\" data-e-type=\"widget\" data-widget_type=\"text-editor.default\">\n\t\t\t\t<div class=\"elementor-widget-container\">\n\t\t\t\t\t\t\t\t\t<p>Notre d\u00e9marche commence en d\u00e9couvrant tout ce qui vous tient \u00e0 c\u0153ur.<\/p>\t\t\t\t\t\t\t\t<\/div>\n\t\t\t\t<\/div>\n\t\t\t\t<\/div>\n\t\t\t\t\t<\/div>\n\t\t\t\t<\/div>\n\t\t\t\t<\/div>\n\t\t<div class=\"elementor-element elementor-element-438afa8e e-con-full e-flex e-con e-parent\" data-id=\"438afa8e\" data-element_type=\"container\" data-e-type=\"container\">\n\t\t<div class=\"elementor-element elementor-element-2540a51f e-flex e-con-boxed e-con e-child\" data-id=\"2540a51f\" data-element_type=\"container\" data-e-type=\"container\">\n\t\t\t\t\t<div class=\"e-con-inner\">\n\t\t<div class=\"elementor-element elementor-element-257cc4fe e-con-full e-flex e-con e-child\" data-id=\"257cc4fe\" data-element_type=\"container\" data-e-type=\"container\">\n\t\t\t\t<div class=\"elementor-element elementor-element-7f32aa79 elementor-widget__width-initial elementor-widget elementor-widget-heading\" data-id=\"7f32aa79\" data-element_type=\"widget\" data-e-type=\"widget\" data-widget_type=\"heading.default\">\n\t\t\t\t<div class=\"elementor-widget-container\">\n\t\t\t\t\t<h2 class=\"elementor-heading-title elementor-size-default\">Notre d\u00e9marche de\n<span>progression du&nbsp;patrimoine<\/span><\/h2>\t\t\t\t<\/div>\n\t\t\t\t<\/div>\n\t\t\t\t<div class=\"elementor-element elementor-element-47bbb2c5 elementor-widget elementor-widget-text-editor\" data-id=\"47bbb2c5\" data-element_type=\"widget\" data-e-type=\"widget\" data-widget_type=\"text-editor.default\">\n\t\t\t\t<div class=\"elementor-widget-container\">\n\t\t\t\t\t\t\t\t\t<p>Cette r\u00e9flexion am\u00e8ne souvent nos clients \u00e0 envisager d\u2019importants aspects financiers auxquels ils n\u2019avaient pas song\u00e9. Ensuite, nous \u00e9laborons ensemble un plan d\u00e9taill\u00e9 tenant compte de vos objectifs et aspirations.<\/p>\t\t\t\t\t\t\t\t<\/div>\n\t\t\t\t<\/div>\n\t\t\t\t<\/div>\n\t\t\t\t\t<\/div>\n\t\t\t\t<\/div>\n\t\t\t\t<\/div>\n\t\t<div class=\"elementor-element elementor-element-91f28c2 e-con-full e-flex e-con e-parent\" data-id=\"91f28c2\" data-element_type=\"container\" data-e-type=\"container\">\n\t\t<div class=\"elementor-element elementor-element-e12be9d e-flex e-con-boxed e-con e-child\" data-id=\"e12be9d\" data-element_type=\"container\" data-e-type=\"container\">\n\t\t\t\t\t<div class=\"e-con-inner\">\n\t\t\t\t<div class=\"elementor-element elementor-element-1cc860c elementor-widget elementor-widget-timeline-widget-addon\" data-id=\"1cc860c\" data-element_type=\"widget\" data-e-type=\"widget\" data-settings=\"{&quot;_animation&quot;:&quot;none&quot;}\" data-widget_type=\"timeline-widget-addon.default\">\n\t\t\t\t<div class=\"elementor-widget-container\">\n\t\t\t\t\t<!-- ========= Timeline Widget Pro For Elementor 2.5.0 ========= --><div id=\"twae-wrapper-1cc860c\" class=\"twae-vertical twae-wrapper twae-both-sided style-1 twae-bg-simple\" data-style=\"style-1\" data-enable-popup=\"no\" data-line-filling=\"on\">    <div class=\"twae-start\"><\/div>    <div class=\"twae-line twae-timeline\" ><div id=\"twae-db8ad44\" class=\"twae-story elementor-repeater-item-db8ad44 twae-repeater-item twae-story-right twae-story-icon\"><div class=\"twae-labels \" data-aos=\"fade\"><div class=\"twae-label-big\"><span>1<\/span>Enqu\u00eate<\/div><div class=\"twae-label-small\">Un plan r\u00e9fl\u00e9chi, bas\u00e9 sur les objectifs avant et apr\u00e8s la retraite, repose sur une bonne compr\u00e9hension de votre situation et de vos besoins particuliers. Ainsi, nous recueillons des renseignements sur vos revenus, \u00e9pargnes et d\u00e9penses pour bien cerner la situation et, ultimement, dresser un plan qui visant une retraite heureuse.<\/div><\/div><div class=\"twae-icon\"><svg aria-hidden=\"true\" class=\"e-font-icon-svg e-far-clock\" viewBox=\"0 0 512 512\" xmlns=\"http:\/\/www.w3.org\/2000\/svg\"><path d=\"M256 8C119 8 8 119 8 256s111 248 248 248 248-111 248-248S393 8 256 8zm0 448c-110.5 0-200-89.5-200-200S145.5 56 256 56s200 89.5 200 200-89.5 200-200 200zm61.8-104.4l-84.9-61.7c-3.1-2.3-4.9-5.9-4.9-9.7V116c0-6.6 5.4-12 12-12h32c6.6 0 12 5.4 12 12v141.7l66.8 48.6c5.4 3.9 6.5 11.4 2.6 16.8L334.6 349c-3.9 5.3-11.4 6.5-16.8 2.6z\"><\/path><\/svg><\/div><div class=\"twae-arrow\" ><\/div><div class=\"twae-content\"  data-aos=\"fade\"><div class=\"twae-media full twae-img-effect\"><img fetchpriority=\"high\" decoding=\"async\" width=\"1008\" height=\"590\" src=\"https:\/\/stage.myriadprivatewealth.com\/wp-content\/uploads\/2025\/06\/process1-discovery.jpg\" class=\"attachment-full size-full\" alt=\"\" srcset=\"https:\/\/stage.myriadprivatewealth.com\/wp-content\/uploads\/2025\/06\/process1-discovery.jpg 1008w, https:\/\/stage.myriadprivatewealth.com\/wp-content\/uploads\/2025\/06\/process1-discovery-300x176.jpg 300w, https:\/\/stage.myriadprivatewealth.com\/wp-content\/uploads\/2025\/06\/process1-discovery-768x450.jpg 768w\" sizes=\"(max-width: 1008px) 100vw, 1008px\" \/><\/div><div class=\"twae-description\"><\/div><\/div><\/div><div id=\"twae-2178145\" class=\"twae-story elementor-repeater-item-2178145 twae-repeater-item twae-story-left twae-story-icon\"><div class=\"twae-labels \" data-aos=\"fade\"><div class=\"twae-label-big\"><span>2<\/span>\u00c9valuation<\/div><div class=\"twae-label-small\">Apr\u00e8s avoir d\u00e9termin\u00e9 vos objectifs, nous effectuons une analyse approfondie de vos finances. Gr\u00e2ce \u00e0 un logiciel de planification de retraite sp\u00e9cialis\u00e9, l\u2019analyse \u00e9tablira la faisabilit\u00e9 de ces objectifs et les conditions gagnantes pour y parvenir. Vous saurez \u00e9galement s\u2019il y a lieu de consulter d\u2019autres sp\u00e9cialistes, comme un notaire pour faire un testament ou un mandat, ou encore un avocat pour cr\u00e9er une fiducie.<\/div><\/div><div class=\"twae-icon\"><svg aria-hidden=\"true\" class=\"e-font-icon-svg e-far-clock\" viewBox=\"0 0 512 512\" xmlns=\"http:\/\/www.w3.org\/2000\/svg\"><path d=\"M256 8C119 8 8 119 8 256s111 248 248 248 248-111 248-248S393 8 256 8zm0 448c-110.5 0-200-89.5-200-200S145.5 56 256 56s200 89.5 200 200-89.5 200-200 200zm61.8-104.4l-84.9-61.7c-3.1-2.3-4.9-5.9-4.9-9.7V116c0-6.6 5.4-12 12-12h32c6.6 0 12 5.4 12 12v141.7l66.8 48.6c5.4 3.9 6.5 11.4 2.6 16.8L334.6 349c-3.9 5.3-11.4 6.5-16.8 2.6z\"><\/path><\/svg><\/div><div class=\"twae-arrow\" ><\/div><div class=\"twae-content\"  data-aos=\"fade\"><div class=\"twae-media full twae-img-effect\"><img decoding=\"async\" width=\"1008\" height=\"590\" src=\"https:\/\/stage.myriadprivatewealth.com\/wp-content\/uploads\/2025\/06\/process2-assessment.jpg\" class=\"attachment-full size-full\" alt=\"\" srcset=\"https:\/\/stage.myriadprivatewealth.com\/wp-content\/uploads\/2025\/06\/process2-assessment.jpg 1008w, https:\/\/stage.myriadprivatewealth.com\/wp-content\/uploads\/2025\/06\/process2-assessment-300x176.jpg 300w, https:\/\/stage.myriadprivatewealth.com\/wp-content\/uploads\/2025\/06\/process2-assessment-768x450.jpg 768w\" sizes=\"(max-width: 1008px) 100vw, 1008px\" \/><\/div><div class=\"twae-description\"><\/div><\/div><\/div><div id=\"twae-620b6b9\" class=\"twae-story elementor-repeater-item-620b6b9 twae-repeater-item twae-story-right twae-story-icon\"><div class=\"twae-labels \" data-aos=\"fade\"><div class=\"twae-label-big\"><span>3<\/span>Croissance du patrimoine<\/div><div class=\"twae-label-small\">Chacun nourrit ses propres r\u00eaves et aspirations et cette unicit\u00e9 m\u00e9rite une strat\u00e9gie taill\u00e9e sur mesure. Voil\u00e0 pourquoi nous cr\u00e9erons une strat\u00e9gie d\u2019investissement et de retraite qui convient \u00e0 votre situation. De plus, nous tenons \u00e0 vous rencontrer r\u00e9guli\u00e8rement pour dresser le bilan de notre travail, mais aussi pour r\u00e9\u00e9valuer votre plan en fonction de votre cheminement de vie.<\/div><\/div><div class=\"twae-icon\"><svg aria-hidden=\"true\" class=\"e-font-icon-svg e-far-clock\" viewBox=\"0 0 512 512\" xmlns=\"http:\/\/www.w3.org\/2000\/svg\"><path d=\"M256 8C119 8 8 119 8 256s111 248 248 248 248-111 248-248S393 8 256 8zm0 448c-110.5 0-200-89.5-200-200S145.5 56 256 56s200 89.5 200 200-89.5 200-200 200zm61.8-104.4l-84.9-61.7c-3.1-2.3-4.9-5.9-4.9-9.7V116c0-6.6 5.4-12 12-12h32c6.6 0 12 5.4 12 12v141.7l66.8 48.6c5.4 3.9 6.5 11.4 2.6 16.8L334.6 349c-3.9 5.3-11.4 6.5-16.8 2.6z\"><\/path><\/svg><\/div><div class=\"twae-arrow\" ><\/div><div class=\"twae-content\"  data-aos=\"fade\"><div class=\"twae-media full twae-img-effect\"><img decoding=\"async\" width=\"1008\" height=\"590\" src=\"https:\/\/stage.myriadprivatewealth.com\/wp-content\/uploads\/2025\/06\/process3-wealth-magnifier.jpg\" class=\"attachment-full size-full\" alt=\"\" srcset=\"https:\/\/stage.myriadprivatewealth.com\/wp-content\/uploads\/2025\/06\/process3-wealth-magnifier.jpg 1008w, https:\/\/stage.myriadprivatewealth.com\/wp-content\/uploads\/2025\/06\/process3-wealth-magnifier-300x176.jpg 300w, https:\/\/stage.myriadprivatewealth.com\/wp-content\/uploads\/2025\/06\/process3-wealth-magnifier-768x450.jpg 768w\" sizes=\"(max-width: 1008px) 100vw, 1008px\" \/><\/div><div class=\"twae-description\"><\/div><\/div><\/div><div id=\"twae-6660fe6\" class=\"twae-story elementor-repeater-item-6660fe6 twae-repeater-item twae-story-left twae-story-icon\"><div class=\"twae-labels \" data-aos=\"fade\"><div class=\"twae-label-big\"><span>4<\/span>Pr\u00e9servation du patrimoine<\/div><div class=\"twae-label-small\">Parfois, conserver votre patrimoine peut s\u2019av\u00e9rer beaucoup plus difficile que l\u2019accumuler. Nous travaillerons aussi fort \u00e0 le pr\u00e9server qu\u2019\u00e0 le faire fructifier. Nous croyons que vos \u00e9pargnes doivent reposer sur de solides assises. Gestion Priv\u00e9e Myriad estime que la poursuite du rendement doit se faire de mani\u00e8re raisonn\u00e9e, sans prendre de risques inutiles.<\/div><\/div><div class=\"twae-icon\"><svg aria-hidden=\"true\" class=\"e-font-icon-svg e-far-clock\" viewBox=\"0 0 512 512\" xmlns=\"http:\/\/www.w3.org\/2000\/svg\"><path d=\"M256 8C119 8 8 119 8 256s111 248 248 248 248-111 248-248S393 8 256 8zm0 448c-110.5 0-200-89.5-200-200S145.5 56 256 56s200 89.5 200 200-89.5 200-200 200zm61.8-104.4l-84.9-61.7c-3.1-2.3-4.9-5.9-4.9-9.7V116c0-6.6 5.4-12 12-12h32c6.6 0 12 5.4 12 12v141.7l66.8 48.6c5.4 3.9 6.5 11.4 2.6 16.8L334.6 349c-3.9 5.3-11.4 6.5-16.8 2.6z\"><\/path><\/svg><\/div><div class=\"twae-arrow\" ><\/div><div class=\"twae-content\"  data-aos=\"fade\"><div class=\"twae-media full twae-img-effect\"><img loading=\"lazy\" decoding=\"async\" width=\"1008\" height=\"590\" src=\"https:\/\/stage.myriadprivatewealth.com\/wp-content\/uploads\/2025\/06\/process4-wealth-preservator.jpg\" class=\"attachment-full size-full\" alt=\"\" srcset=\"https:\/\/stage.myriadprivatewealth.com\/wp-content\/uploads\/2025\/06\/process4-wealth-preservator.jpg 1008w, https:\/\/stage.myriadprivatewealth.com\/wp-content\/uploads\/2025\/06\/process4-wealth-preservator-300x176.jpg 300w, https:\/\/stage.myriadprivatewealth.com\/wp-content\/uploads\/2025\/06\/process4-wealth-preservator-768x450.jpg 768w\" sizes=\"(max-width: 1008px) 100vw, 1008px\" \/><\/div><div class=\"twae-description\"><\/div><\/div><\/div><div id=\"twae-d02340f\" class=\"twae-story elementor-repeater-item-d02340f twae-repeater-item twae-story-right twae-story-icon\"><div class=\"twae-labels \" data-aos=\"fade\"><div class=\"twae-label-big\"><span>5<\/span>Optimisation corporative<\/div><div class=\"twae-label-small\">Nous savons que votre entreprise est l\u2019aboutissement du travail de toute une vie et c\u2019est pourquoi nous travaillerons avec vous pour en assurer la p\u00e9rennit\u00e9. Fid\u00e8les \u00e0 notre philosophie d\u2019investissements disciplin\u00e9s et de veille strat\u00e9gique, nous travaillerons \u00e0 faire fructifier vos avoirs tout en essayant d\u2019esquiver les pi\u00e8ges potentiels. Nos excellentes strat\u00e9gies fiscales vous aideront \u00e9galement \u00e0 r\u00e9duire le fardeau fiscal de votre entreprise afin de conserver une plus grande partie de ce que vous gagnez.<\/div><\/div><div class=\"twae-icon\"><svg aria-hidden=\"true\" class=\"e-font-icon-svg e-far-clock\" viewBox=\"0 0 512 512\" xmlns=\"http:\/\/www.w3.org\/2000\/svg\"><path d=\"M256 8C119 8 8 119 8 256s111 248 248 248 248-111 248-248S393 8 256 8zm0 448c-110.5 0-200-89.5-200-200S145.5 56 256 56s200 89.5 200 200-89.5 200-200 200zm61.8-104.4l-84.9-61.7c-3.1-2.3-4.9-5.9-4.9-9.7V116c0-6.6 5.4-12 12-12h32c6.6 0 12 5.4 12 12v141.7l66.8 48.6c5.4 3.9 6.5 11.4 2.6 16.8L334.6 349c-3.9 5.3-11.4 6.5-16.8 2.6z\"><\/path><\/svg><\/div><div class=\"twae-arrow\" ><\/div><div class=\"twae-content\"  data-aos=\"fade\"><div class=\"twae-media full twae-img-effect\"><img loading=\"lazy\" decoding=\"async\" width=\"1000\" height=\"590\" src=\"https:\/\/stage.myriadprivatewealth.com\/wp-content\/uploads\/2025\/06\/process5-corporate-maximizer.jpg\" class=\"attachment-full size-full\" alt=\"\" srcset=\"https:\/\/stage.myriadprivatewealth.com\/wp-content\/uploads\/2025\/06\/process5-corporate-maximizer.jpg 1000w, https:\/\/stage.myriadprivatewealth.com\/wp-content\/uploads\/2025\/06\/process5-corporate-maximizer-300x177.jpg 300w, https:\/\/stage.myriadprivatewealth.com\/wp-content\/uploads\/2025\/06\/process5-corporate-maximizer-768x453.jpg 768w\" sizes=\"(max-width: 1000px) 100vw, 1000px\" \/><\/div><div class=\"twae-description\"><\/div><\/div><\/div><div id=\"twae-52904b3\" class=\"twae-story elementor-repeater-item-52904b3 twae-repeater-item twae-story-left twae-story-icon\"><div class=\"twae-labels \" data-aos=\"fade\"><div class=\"twae-label-big\"><span>6<\/span>Optimisation successorale<\/div><div class=\"twae-label-small\">Nous veillons \u00e0 toujours optimiser votre planification successorale, car informer vos proches de vos souhaits ne suffira pas \u00e0 distribuer votre patrimoine comme pr\u00e9vu. Gestion Priv\u00e9e Myriad fait appel&nbsp; un r\u00e9seau de professionnels en droit qui vous aideront \u00e0 prendre des dispositions en cas d\u2019impr\u00e9vus. Par exemple, un mandat de protection conf\u00e9rera \u00e0 une personne de confiance le pouvoir de prendre des d\u00e9cisions \u00e0 votre place en cas d\u2019invalidit\u00e9. Aussi, un testament r\u00e9dig\u00e9 en bonne et due forme \u00e9pargnera temps et soucis \u00e0 vos proches pendant le processus de liquidation. Nous veillons \u00e0 bien vous outiller et vous entourer afin que votre planification successorale b\u00e9n\u00e9ficie de solides assises financi\u00e8res.<\/div><\/div><div class=\"twae-icon\"><svg aria-hidden=\"true\" class=\"e-font-icon-svg e-far-clock\" viewBox=\"0 0 512 512\" xmlns=\"http:\/\/www.w3.org\/2000\/svg\"><path d=\"M256 8C119 8 8 119 8 256s111 248 248 248 248-111 248-248S393 8 256 8zm0 448c-110.5 0-200-89.5-200-200S145.5 56 256 56s200 89.5 200 200-89.5 200-200 200zm61.8-104.4l-84.9-61.7c-3.1-2.3-4.9-5.9-4.9-9.7V116c0-6.6 5.4-12 12-12h32c6.6 0 12 5.4 12 12v141.7l66.8 48.6c5.4 3.9 6.5 11.4 2.6 16.8L334.6 349c-3.9 5.3-11.4 6.5-16.8 2.6z\"><\/path><\/svg><\/div><div class=\"twae-arrow\" ><\/div><div class=\"twae-content\"  data-aos=\"fade\"><div class=\"twae-media full twae-img-effect\"><img loading=\"lazy\" decoding=\"async\" width=\"1010\" height=\"592\" src=\"https:\/\/stage.myriadprivatewealth.com\/wp-content\/uploads\/2025\/06\/process6-estate-maximizer.jpg\" class=\"attachment-full size-full\" alt=\"\" srcset=\"https:\/\/stage.myriadprivatewealth.com\/wp-content\/uploads\/2025\/06\/process6-estate-maximizer.jpg 1010w, https:\/\/stage.myriadprivatewealth.com\/wp-content\/uploads\/2025\/06\/process6-estate-maximizer-300x176.jpg 300w, https:\/\/stage.myriadprivatewealth.com\/wp-content\/uploads\/2025\/06\/process6-estate-maximizer-768x450.jpg 768w\" sizes=\"(max-width: 1010px) 100vw, 1010px\" \/><\/div><div class=\"twae-description\"><\/div><\/div><\/div><div id=\"twae-124f706\" class=\"twae-story elementor-repeater-item-124f706 twae-repeater-item twae-story-right twae-story-icon\"><div class=\"twae-labels \" data-aos=\"fade\"><div class=\"twae-label-big\"><span>7<\/span>R\u00e9vision<\/div><div class=\"twae-label-small\">Nous vous rencontrons r\u00e9guli\u00e8rement afin d\u2019examiner votre plan de retraite et vos comptes de placement. Au-del\u00e0 du besoin d\u2019\u00e9valuer, de r\u00e9\u00e9quilibrer ou de restructurer vos placements, notre but est de v\u00e9rifier si vos besoins ont \u00e9volu\u00e9 depuis notre derni\u00e8re rencontre. Nous savons que la vie file \u00e0 toute vitesse et que les besoins peuvent changer en un clin d\u2019\u0153il. Gestion Priv\u00e9e Myriad se fait un devoir d\u2019\u00eatre toujours \u00e0 votre disposition et, surtout, de r\u00e9viser votre plan r\u00e9guli\u00e8rement.<\/div><\/div><div class=\"twae-icon\"><svg aria-hidden=\"true\" class=\"e-font-icon-svg e-far-clock\" viewBox=\"0 0 512 512\" xmlns=\"http:\/\/www.w3.org\/2000\/svg\"><path d=\"M256 8C119 8 8 119 8 256s111 248 248 248 248-111 248-248S393 8 256 8zm0 448c-110.5 0-200-89.5-200-200S145.5 56 256 56s200 89.5 200 200-89.5 200-200 200zm61.8-104.4l-84.9-61.7c-3.1-2.3-4.9-5.9-4.9-9.7V116c0-6.6 5.4-12 12-12h32c6.6 0 12 5.4 12 12v141.7l66.8 48.6c5.4 3.9 6.5 11.4 2.6 16.8L334.6 349c-3.9 5.3-11.4 6.5-16.8 2.6z\"><\/path><\/svg><\/div><div class=\"twae-arrow\" ><\/div><div class=\"twae-content\"  data-aos=\"fade\"><div class=\"twae-media full twae-img-effect\"><img loading=\"lazy\" decoding=\"async\" width=\"1008\" height=\"590\" src=\"https:\/\/stage.myriadprivatewealth.com\/wp-content\/uploads\/2025\/06\/process7-review.jpg\" class=\"attachment-full size-full\" alt=\"\" srcset=\"https:\/\/stage.myriadprivatewealth.com\/wp-content\/uploads\/2025\/06\/process7-review.jpg 1008w, https:\/\/stage.myriadprivatewealth.com\/wp-content\/uploads\/2025\/06\/process7-review-300x176.jpg 300w, https:\/\/stage.myriadprivatewealth.com\/wp-content\/uploads\/2025\/06\/process7-review-768x450.jpg 768w\" sizes=\"(max-width: 1008px) 100vw, 1008px\" \/><\/div><div class=\"twae-description\"><\/div><\/div><\/div><div id=\"twae-8a4f7c1\" class=\"twae-story elementor-repeater-item-8a4f7c1 twae-repeater-item twae-story-left twae-story-icon\"><div class=\"twae-labels \" data-aos=\"fade\"><div class=\"twae-label-big\"><span>8<\/span>Famille et amis<\/div><div class=\"twae-label-small\">Pour vous remercier de votre confiance, Gestion Priv\u00e9e Myriad fait profiter vos proches et amis de notre d\u00e9marche afin que votre entourage profite aussi d\u2019un bon encadrement. Nous sommes toujours l\u00e0 pour aider et conseiller vos amis et proches dans la prise de d\u00e9cisions financi\u00e8res judicieuses qui pavent la voie \u00e0 leurs objectifs de retraite.<\/div><\/div><div class=\"twae-icon\"><svg aria-hidden=\"true\" class=\"e-font-icon-svg e-far-clock\" viewBox=\"0 0 512 512\" xmlns=\"http:\/\/www.w3.org\/2000\/svg\"><path d=\"M256 8C119 8 8 119 8 256s111 248 248 248 248-111 248-248S393 8 256 8zm0 448c-110.5 0-200-89.5-200-200S145.5 56 256 56s200 89.5 200 200-89.5 200-200 200zm61.8-104.4l-84.9-61.7c-3.1-2.3-4.9-5.9-4.9-9.7V116c0-6.6 5.4-12 12-12h32c6.6 0 12 5.4 12 12v141.7l66.8 48.6c5.4 3.9 6.5 11.4 2.6 16.8L334.6 349c-3.9 5.3-11.4 6.5-16.8 2.6z\"><\/path><\/svg><\/div><div class=\"twae-arrow\" ><\/div><div class=\"twae-content\"  data-aos=\"fade\"><div class=\"twae-media full twae-img-effect\"><img loading=\"lazy\" decoding=\"async\" width=\"1008\" height=\"590\" src=\"https:\/\/stage.myriadprivatewealth.com\/wp-content\/uploads\/2025\/06\/process8-family-friends.jpg\" class=\"attachment-full size-full\" alt=\"\" srcset=\"https:\/\/stage.myriadprivatewealth.com\/wp-content\/uploads\/2025\/06\/process8-family-friends.jpg 1008w, https:\/\/stage.myriadprivatewealth.com\/wp-content\/uploads\/2025\/06\/process8-family-friends-300x176.jpg 300w, https:\/\/stage.myriadprivatewealth.com\/wp-content\/uploads\/2025\/06\/process8-family-friends-768x450.jpg 768w\" sizes=\"(max-width: 1008px) 100vw, 1008px\" \/><\/div><div class=\"twae-description\"><\/div><\/div><\/div><div class=\"twae-inner-line\"><\/div><\/div>\r\n<div class=\"twae-end\"><\/div>   \r\n<\/div><style type=\"text\/css\">@media (max-width: 767px){ .twae-vertical.twae-wrapper{--tw-ybx-size: 80px !important}}<\/style>\t\t\t\t<\/div>\n\t\t\t\t<\/div>\n\t\t\t\t\t<\/div>\n\t\t\t\t<\/div>\n\t\t\t\t<\/div>\n\t\t<div class=\"elementor-element elementor-element-34f1d188 e-con-full elementor-hidden-desktop elementor-hidden-tablet elementor-hidden-mobile e-flex e-con e-parent\" data-id=\"34f1d188\" data-element_type=\"container\" data-e-type=\"container\">\n\t\t<div class=\"elementor-element elementor-element-2efee903 e-flex e-con-boxed e-con e-child\" data-id=\"2efee903\" data-element_type=\"container\" data-e-type=\"container\">\n\t\t\t\t\t<div class=\"e-con-inner\">\n\t\t<div class=\"elementor-element elementor-element-61a7b38c e-con-full e-flex e-con e-child\" data-id=\"61a7b38c\" data-element_type=\"container\" data-e-type=\"container\">\n\t\t\t\t<div class=\"elementor-element elementor-element-39bd3006 elementor-widget__width-initial elementor-widget elementor-widget-heading\" data-id=\"39bd3006\" data-element_type=\"widget\" data-e-type=\"widget\" data-widget_type=\"heading.default\">\n\t\t\t\t<div class=\"elementor-widget-container\">\n\t\t\t\t\t<h3 class=\"elementor-heading-title elementor-size-default\">Votre plan. \n<span>Votre&nbsp;tranquillit\u00e9 d'esprit.<\/span><\/h3>\t\t\t\t<\/div>\n\t\t\t\t<\/div>\n\t\t\t\t<div class=\"elementor-element elementor-element-1ed2d6ea elementor-widget elementor-widget-text-editor\" data-id=\"1ed2d6ea\" data-element_type=\"widget\" data-e-type=\"widget\" data-widget_type=\"text-editor.default\">\n\t\t\t\t<div class=\"elementor-widget-container\">\n\t\t\t\t\t\t\t\t\t<p>La planification successorale n&rsquo;est pas qu&rsquo;une question de documents &#8211; c&rsquo;est une question de clart\u00e9, de contr\u00f4le et de tranquillit\u00e9 d&rsquo;esprit. Notre \u00e9quipe travaille en \u00e9troite collaboration avec vous pour comprendre vos objectifs, prot\u00e9ger vos proches et veiller \u00e0 ce que votre h\u00e9ritage soit pr\u00e9serv\u00e9 exactement comme vous l&rsquo;entendez. Faisons en sorte que votre avenir soit aussi s\u00fbr que votre pr\u00e9sent.<\/p>\t\t\t\t\t\t\t\t<\/div>\n\t\t\t\t<\/div>\n\t\t\t\t<div class=\"elementor-element elementor-element-5283d746 elementor-align-center elementor-widget elementor-widget-button\" data-id=\"5283d746\" data-element_type=\"widget\" data-e-type=\"widget\" data-widget_type=\"button.default\">\n\t\t\t\t<div class=\"elementor-widget-container\">\n\t\t\t\t\t\t\t\t\t<div class=\"elementor-button-wrapper\">\n\t\t\t\t\t<a class=\"elementor-button elementor-button-link elementor-size-sm\" href=\"https:\/\/stage.myriadprivatewealth.com\/fr\/nous-joindre\/\">\n\t\t\t\t\t\t<span class=\"elementor-button-content-wrapper\">\n\t\t\t\t\t\t\t\t\t<span class=\"elementor-button-text\">En savoir plus<\/span>\n\t\t\t\t\t<\/span>\n\t\t\t\t\t<\/a>\n\t\t\t\t<\/div>\n\t\t\t\t\t\t\t\t<\/div>\n\t\t\t\t<\/div>\n\t\t\t\t<\/div>\n\t\t\t\t\t<\/div>\n\t\t\t\t<\/div>\n\t\t\t\t<\/div>\n\t\t\t\t<\/div>\n\t\t","protected":false},"excerpt":{"rendered":"<p>Notre d\u00e9marche Notre d\u00e9marche commence en d\u00e9couvrant tout ce qui vous tient \u00e0 c\u0153ur. Notre d\u00e9marche de progression du&nbsp;patrimoine Cette r\u00e9flexion am\u00e8ne souvent nos clients \u00e0 envisager d\u2019importants aspects financiers auxquels ils n\u2019avaient pas song\u00e9. Ensuite, nous \u00e9laborons ensemble un plan d\u00e9taill\u00e9 tenant compte de vos objectifs et aspirations. 1Enqu\u00eateUn plan r\u00e9fl\u00e9chi, bas\u00e9 sur les [&hellip;]<\/p>\n","protected":false},"author":1,"featured_media":1600,"parent":0,"menu_order":0,"comment_status":"closed","ping_status":"closed","template":"","meta":{"inline_featured_image":false,"footnotes":""},"class_list":["post-1338","page","type-page","status-publish","has-post-thumbnail","hentry"],"_links":{"self":[{"href":"https:\/\/stage.myriadprivatewealth.com\/fr\/wp-json\/wp\/v2\/pages\/1338","targetHints":{"allow":["GET"]}}],"collection":[{"href":"https:\/\/stage.myriadprivatewealth.com\/fr\/wp-json\/wp\/v2\/pages"}],"about":[{"href":"https:\/\/stage.myriadprivatewealth.com\/fr\/wp-json\/wp\/v2\/types\/page"}],"author":[{"embeddable":true,"href":"https:\/\/stage.myriadprivatewealth.com\/fr\/wp-json\/wp\/v2\/users\/1"}],"replies":[{"embeddable":true,"href":"https:\/\/stage.myriadprivatewealth.com\/fr\/wp-json\/wp\/v2\/comments?post=1338"}],"version-history":[{"count":18,"href":"https:\/\/stage.myriadprivatewealth.com\/fr\/wp-json\/wp\/v2\/pages\/1338\/revisions"}],"predecessor-version":[{"id":2391,"href":"https:\/\/stage.myriadprivatewealth.com\/fr\/wp-json\/wp\/v2\/pages\/1338\/revisions\/2391"}],"wp:featuredmedia":[{"embeddable":true,"href":"https:\/\/stage.myriadprivatewealth.com\/fr\/wp-json\/wp\/v2\/media\/1600"}],"wp:attachment":[{"href":"https:\/\/stage.myriadprivatewealth.com\/fr\/wp-json\/wp\/v2\/media?parent=1338"}],"curies":[{"name":"wp","href":"https:\/\/api.w.org\/{rel}","templated":true}]}}