{"id":1351,"date":"2025-05-20T20:50:11","date_gmt":"2025-05-21T00:50:11","guid":{"rendered":"https:\/\/stage.myriadprivatewealth.com\/contact-us\/"},"modified":"2025-11-26T10:39:08","modified_gmt":"2025-11-26T14:39:08","slug":"nous-joindre","status":"publish","type":"page","link":"https:\/\/stage.myriadprivatewealth.com\/fr\/nous-joindre\/","title":{"rendered":"Nous joindre"},"content":{"rendered":"\t\t<div data-elementor-type=\"wp-page\" data-elementor-id=\"1351\" class=\"elementor elementor-1351 elementor-71\" data-elementor-post-type=\"page\">\n\t\t\t\t<div class=\"elementor-element elementor-element-1c6422fc e-con-full e-flex e-con e-parent\" data-id=\"1c6422fc\" data-element_type=\"container\" data-e-type=\"container\" data-settings=\"{&quot;background_background&quot;:&quot;classic&quot;}\">\n\t\t<div class=\"elementor-element elementor-element-2297589e e-flex e-con-boxed e-con e-child\" data-id=\"2297589e\" data-element_type=\"container\" data-e-type=\"container\">\n\t\t\t\t\t<div class=\"e-con-inner\">\n\t\t<div class=\"elementor-element elementor-element-72038b7d e-con-full e-flex e-con e-child\" data-id=\"72038b7d\" data-element_type=\"container\" data-e-type=\"container\">\n\t\t\t\t<div class=\"elementor-element elementor-element-35f677ee elementor-widget elementor-widget-heading\" data-id=\"35f677ee\" data-element_type=\"widget\" data-e-type=\"widget\" data-widget_type=\"heading.default\">\n\t\t\t\t<div class=\"elementor-widget-container\">\n\t\t\t\t\t<h1 class=\"elementor-heading-title elementor-size-default\"><span>Contact<\/span> Gestion Priv\u00e9e Myriad<\/h1>\t\t\t\t<\/div>\n\t\t\t\t<\/div>\n\t\t\t\t<\/div>\n\t\t\t\t\t<\/div>\n\t\t\t\t<\/div>\n\t\t\t\t<\/div>\n\t\t<div class=\"elementor-element elementor-element-78269fb7 e-con-full e-flex e-con e-parent\" data-id=\"78269fb7\" data-element_type=\"container\" data-e-type=\"container\">\n\t\t<div class=\"elementor-element elementor-element-67d179c2 e-flex e-con-boxed e-con e-child\" data-id=\"67d179c2\" data-element_type=\"container\" data-e-type=\"container\">\n\t\t\t\t\t<div class=\"e-con-inner\">\n\t\t<div class=\"elementor-element elementor-element-d83b89c e-con-full e-flex e-con e-child\" data-id=\"d83b89c\" data-element_type=\"container\" data-e-type=\"container\">\n\t\t<div class=\"elementor-element elementor-element-c82377b e-con-full e-flex e-con e-child\" data-id=\"c82377b\" data-element_type=\"container\" data-e-type=\"container\">\n\t\t\t\t<div class=\"elementor-element elementor-element-9d2636f elementor-widget elementor-widget-heading\" data-id=\"9d2636f\" data-element_type=\"widget\" data-e-type=\"widget\" data-widget_type=\"heading.default\">\n\t\t\t\t<div class=\"elementor-widget-container\">\n\t\t\t\t\t<h3 class=\"elementor-heading-title elementor-size-default\"><span>Nous joindre<\/span><\/h3>\t\t\t\t<\/div>\n\t\t\t\t<\/div>\n\t\t\t\t<div class=\"elementor-element elementor-element-3fc7b6d elementor-widget elementor-widget-text-editor\" data-id=\"3fc7b6d\" data-element_type=\"widget\" data-e-type=\"widget\" data-widget_type=\"text-editor.default\">\n\t\t\t\t<div class=\"elementor-widget-container\">\n\t\t\t\t\t\t\t\t\t<p>Si vous avez des questions concernant nos services, veuillez remplir notre formulaire et nous vous reviendrons d\u00e8s que possible. Merci.<\/p>\t\t\t\t\t\t\t\t<\/div>\n\t\t\t\t<\/div>\n\t\t\t\t<\/div>\n\t\t\t\t<div class=\"elementor-element elementor-element-238e371 elementor-widget elementor-widget-formidable\" data-id=\"238e371\" data-element_type=\"widget\" data-e-type=\"widget\" data-widget_type=\"formidable.default\">\n\t\t\t\t<div class=\"elementor-widget-container\">\n\t\t\t\t\t<div class=\"frm_forms  with_frm_style frm_style_formidable-style\" id=\"frm_form_2_container\" data-token=\"77df4b94c6fc904ca6ed1669bcbf168e\">\n<form enctype=\"multipart\/form-data\" method=\"post\" class=\"frm-show-form  frm_pro_form \" id=\"form_contact-us\" data-token=\"77df4b94c6fc904ca6ed1669bcbf168e\">\n<div class=\"frm_form_fields \">\n<fieldset>\n<legend class=\"frm_screen_reader\">Contactez-nous<\/legend>\r\n\r\n<div class=\"frm_fields_container\">\n<input type=\"hidden\" name=\"frm_action\" value=\"create\" \/>\n<input type=\"hidden\" name=\"form_id\" value=\"2\" \/>\n<input type=\"hidden\" name=\"frm_hide_fields_2\" id=\"frm_hide_fields_2\" value=\"\" \/>\n<input type=\"hidden\" name=\"form_key\" value=\"contact-us\" \/>\n<input type=\"hidden\" name=\"item_meta[0]\" value=\"\" \/>\n<input type=\"hidden\" id=\"frm_submit_entry_2\" name=\"frm_submit_entry_2\" value=\"5cd30dadcc\" \/><input type=\"hidden\" name=\"_wp_http_referer\" value=\"\/fr\/wp-json\/wp\/v2\/pages\/1351\" \/><div id=\"frm_field_6_container\" class=\"frm_form_field form-field  frm_required_field frm_none_container frm6 _half frm_first\">\r\n    <label for=\"field_qh4icy2\" class=\"frm_primary_label\">Nom\r\n        <span class=\"frm_required\">*<\/span>\r\n    <\/label>\r\n    <input  type=\"text\" id=\"field_qh4icy2\" name=\"item_meta[6]\" value=\"\"  placeholder=\"Nom complet *\" data-reqmsg=\"Nom cannot be blank.\" aria-required=\"true\" data-invmsg=\"Nom is invalid\" aria-invalid=\"false\"   \/>\r\n    \r\n    \r\n<\/div>\n<div id=\"frm_field_15_container\" class=\"frm_form_field form-field  frm_required_field frm_none_container frm6\">\r\n\t<label for=\"field_iceja\" id=\"field_iceja_label\" class=\"frm_primary_label\">Adresse courriel\r\n\t\t<span class=\"frm_required\" aria-hidden=\"true\">*<\/span>\r\n\t<\/label>\r\n\t<input type=\"email\" id=\"field_iceja\" name=\"item_meta[15]\" value=\"\"  autocomplete=\"email\"  placeholder=\"Courriel *\" data-reqmsg=\"Adresse courriel cannot be blank.\" aria-required=\"true\" data-invmsg=\"Adresse courriel is invalid\" aria-invalid=\"false\"  \/>\r\n\t\r\n\t\r\n<\/div>\n<div id=\"frm_field_12_container\" class=\"frm_form_field form-field  frm_required_field frm_none_container frm6 frm_first\">\r\n\t<label for=\"field_ypg11\" id=\"field_ypg11_label\" class=\"frm_primary_label\">Ligne d'objet\r\n\t\t<span class=\"frm_required\" aria-hidden=\"true\">*<\/span>\r\n\t<\/label>\r\n\t<input  type=\"text\" id=\"field_ypg11\" name=\"item_meta[12]\" value=\"\"  placeholder=\"Sujet *\" data-reqmsg=\"Ligne d&#039;objet cannot be blank.\" aria-required=\"true\" data-invmsg=\"Ligne d&#039;objet is invalid\" aria-invalid=\"false\"   \/>\r\n\t\r\n\t\r\n<\/div>\n<div id=\"frm_field_14_container\" class=\"frm_form_field form-field  frm_none_container frm6\">\r\n\t<label for=\"field_puz1d\" id=\"field_puz1d_label\" class=\"frm_primary_label\">T\u00e9l\u00e9phone\r\n\t\t<span class=\"frm_required\" aria-hidden=\"true\"><\/span>\r\n\t<\/label>\r\n\t<input type=\"tel\" id=\"field_puz1d\" name=\"item_meta[14]\" value=\"\"  placeholder=\"Num\u00e9ro de t\u00e9l\u00e9phone\" data-invmsg=\"T\u00e9l\u00e9phone is invalid\" aria-invalid=\"false\" pattern=\"((\\+\\d{1,3}(-|.| )?\\(?\\d\\)?(-| |.)?\\d{1,5})|(\\(?\\d{2,6}\\)?))(-|.| )?(\\d{3,4})(-|.| )?(\\d{4})(( x| ext)\\d{1,5}){0,1}$\"  \/>\r\n\t\r\n\t\r\n<\/div>\n<div id=\"frm_field_10_container\" class=\"frm_form_field form-field  frm_required_field frm_none_container frm_full\">\r\n    <label for=\"field_9jv0r12\" class=\"frm_primary_label\">Message\r\n        <span class=\"frm_required\">*<\/span>\r\n    <\/label>\r\n    <textarea name=\"item_meta[10]\" id=\"field_9jv0r12\" rows=\"8\"  placeholder=\"Message *\" data-reqmsg=\"Message cannot be blank.\" aria-required=\"true\" data-invmsg=\"Message is invalid\" aria-invalid=\"false\"  ><\/textarea>\r\n    \r\n    \r\n<\/div>\n<div id=\"frm_field_29_container\" class=\"frm_form_field form-field  frm_none_container\">\r\n\t<label for=\"g-recaptcha-response\" id=\"field_3cpf0_label\" class=\"frm_primary_label\">CAPTCHA\r\n\t\t<span class=\"frm_required\" aria-hidden=\"true\"><\/span>\r\n\t<\/label>\r\n\t<div  id=\"field_3cpf0\" class=\"frm-g-recaptcha\" data-sitekey=\"6LdIhEErAAAAAHc4M_e5SwFYPH77Kk018b4jR-Bl\" data-size=\"invisible\" data-theme=\"light\"><\/div>\r\n\t\r\n\t\r\n<\/div>\n<div id=\"frm_field_11_container\" class=\"frm_form_field form-field \">\r\n\t<div class=\"frm_submit\">\r\n\r\n<button class=\"frm_button_submit frm_final_submit\" type=\"submit\"  formnovalidate=\"formnovalidate\">ENVOYER<\/button>\r\n\r\n<\/div>\r\n<\/div>\n\t<input type=\"hidden\" name=\"item_key\" value=\"\" \/>\n\t\t\t<div id=\"frm_field_30_container\">\n\t\t\t<label for=\"field_hbrei\" >\n\t\t\t\tSi vous \u00eates un humain, ne remplissez pas ce champ.\t\t\t<\/label>\n\t\t\t<input  id=\"field_hbrei\" type=\"text\" class=\"frm_form_field form-field frm_verify\" name=\"item_meta[30]\" value=\"\"  \/>\n\t\t<\/div>\n\t\t<input name=\"frm_state\" type=\"hidden\" value=\"\/aDXpUnMwz8GAY93xrQurQFDD5fLsT18VZt20uzst+rCboHOmcLbVwwaUshDM9Wu\" \/><\/div>\n<\/fieldset>\n<\/div>\n\n<\/form>\n<\/div>\n\t\t\t\t<\/div>\n\t\t\t\t<\/div>\n\t\t\t\t<\/div>\n\t\t<div class=\"elementor-element elementor-element-cce7d8e e-con-full e-flex e-con e-child\" data-id=\"cce7d8e\" data-element_type=\"container\" data-e-type=\"container\">\n\t\t<div class=\"elementor-element elementor-element-d7507f3 e-con-full e-flex e-con e-child\" data-id=\"d7507f3\" data-element_type=\"container\" data-e-type=\"container\">\n\t\t\t\t<div class=\"elementor-element elementor-element-fc0825c elementor-widget elementor-widget-heading\" data-id=\"fc0825c\" data-element_type=\"widget\" data-e-type=\"widget\" data-widget_type=\"heading.default\">\n\t\t\t\t<div class=\"elementor-widget-container\">\n\t\t\t\t\t<h3 class=\"elementor-heading-title elementor-size-default\"><span>Bureaux<\/span><\/h3>\t\t\t\t<\/div>\n\t\t\t\t<\/div>\n\t\t\t\t<div class=\"elementor-element elementor-element-8376d55 elementor-widget elementor-widget-text-editor\" data-id=\"8376d55\" data-element_type=\"widget\" data-e-type=\"widget\" data-widget_type=\"text-editor.default\">\n\t\t\t\t<div class=\"elementor-widget-container\">\n\t\t\t\t\t\t\t\t\t<p>3773, boul. C\u00f4te-Vertu Ouest<br>Bureau 350B<br>Montr\u00e9al, Qu\u00e9bec<br>H4R 2M3<\/p>\t\t\t\t\t\t\t\t<\/div>\n\t\t\t\t<\/div>\n\t\t\t\t<\/div>\n\t\t\t\t<div class=\"elementor-element elementor-element-8392fb8 elementor-list-item-link-inline elementor-align-start elementor-icon-list--layout-traditional elementor-widget elementor-widget-icon-list\" data-id=\"8392fb8\" data-element_type=\"widget\" data-e-type=\"widget\" data-widget_type=\"icon-list.default\">\n\t\t\t\t<div class=\"elementor-widget-container\">\n\t\t\t\t\t\t\t<ul class=\"elementor-icon-list-items\">\n\t\t\t\t\t\t\t<li class=\"elementor-icon-list-item\">\n\t\t\t\t\t\t\t\t\t\t\t<a href=\"tel:514-375-6172\">\n\n\t\t\t\t\t\t\t\t\t\t\t\t<span class=\"elementor-icon-list-icon\">\n\t\t\t\t\t\t\t<svg xmlns=\"http:\/\/www.w3.org\/2000\/svg\" width=\"17\" height=\"17\" viewBox=\"0 0 17 17\" fill=\"none\"><g clip-path=\"url(#clip0_2_331)\"><path d=\"M14.6475 11.8321C13.6206 10.9537 12.5783 10.4217 11.564 11.2987L10.9583 11.8288C10.5151 12.2136 9.69115 14.0114 6.50544 10.3467C3.32038 6.68665 5.21576 6.11678 5.65958 5.73532L6.2686 5.20458C7.27765 4.32556 6.89685 3.21898 6.16909 2.0799L5.72991 1.38995C4.99882 0.253521 4.20272 -0.492821 3.19102 0.384877L2.64436 0.862536C2.19722 1.18827 0.947349 2.24708 0.644169 4.25856C0.279291 6.67206 1.43032 9.43584 4.06739 12.4683C6.70114 15.5021 9.27984 17.026 11.7225 16.9994C13.7526 16.9775 14.9786 15.8882 15.362 15.4922L15.9107 15.0138C16.9197 14.1368 16.2928 13.2438 15.2652 12.3635L14.6475 11.8321Z\" fill=\"#F3F1E4\"><\/path><\/g><defs><clipPath id=\"clip0_2_331\"><rect width=\"17\" height=\"17\" fill=\"white\"><\/rect><\/clipPath><\/defs><\/svg>\t\t\t\t\t\t<\/span>\n\t\t\t\t\t\t\t\t\t\t<span class=\"elementor-icon-list-text\">514-375-6172<\/span>\n\t\t\t\t\t\t\t\t\t\t\t<\/a>\n\t\t\t\t\t\t\t\t\t<\/li>\n\t\t\t\t\t\t\t\t<li class=\"elementor-icon-list-item\">\n\t\t\t\t\t\t\t\t\t\t\t<span class=\"elementor-icon-list-icon\">\n\t\t\t\t\t\t\t<svg xmlns=\"http:\/\/www.w3.org\/2000\/svg\" width=\"22\" height=\"22\" viewBox=\"0 0 22 22\" fill=\"none\"><path fill-rule=\"evenodd\" clip-rule=\"evenodd\" d=\"M16.9424 14.2284C17.6198 14.2284 18.1698 14.7779 18.1698 15.4557C18.1698 16.1343 17.6198 16.6831 16.9424 16.6831C16.2639 16.6846 15.7141 16.1346 15.7141 15.4557C15.7141 14.7779 16.2639 14.2284 16.9424 14.2284ZM16.083 4.76911V12.0756L5.91579 12.0765V4.77009L16.083 4.76911ZM4.73806 2.75098C4.37017 2.75098 4.07488 3.05898 4.07488 3.4408V10.6866H2.43124C1.79471 10.6866 1.28113 11.1755 1.28113 11.7827V18.1522C1.28113 18.7594 1.79446 19.2495 2.43124 19.2495H19.5678C20.2055 19.2495 20.7186 18.7594 20.7186 18.1522V11.7827C20.7186 11.1755 20.2055 10.6866 19.5678 10.6866H17.9256V3.4408C17.9256 3.05873 17.6291 2.75098 17.261 2.75098H4.73806Z\" fill=\"#F3F1E4\"><\/path><path fill-rule=\"evenodd\" clip-rule=\"evenodd\" d=\"M7.66359 6.34375H14.335C14.6139 6.34375 14.8393 6.62755 14.8393 6.98151C14.8393 7.33424 14.6141 7.61804 14.335 7.61804H7.66359C7.38492 7.61804 7.1593 7.33424 7.1593 6.98151C7.15955 6.62755 7.38492 6.34375 7.66359 6.34375Z\" fill=\"#F3F1E4\"><\/path><path fill-rule=\"evenodd\" clip-rule=\"evenodd\" d=\"M7.66359 9.20312H14.335C14.6139 9.20312 14.8393 9.48717 14.8393 9.83966C14.8393 10.1936 14.6141 10.4774 14.335 10.4774H7.66359C7.38492 10.4774 7.1593 10.1936 7.1593 9.83966C7.15955 9.48717 7.38492 9.20312 7.66359 9.20312Z\" fill=\"#F3F1E4\"><\/path><\/svg>\t\t\t\t\t\t<\/span>\n\t\t\t\t\t\t\t\t\t\t<span class=\"elementor-icon-list-text\">514-375-6195<\/span>\n\t\t\t\t\t\t\t\t\t<\/li>\n\t\t\t\t\t\t\t\t<li class=\"elementor-icon-list-item\">\n\t\t\t\t\t\t\t\t\t\t\t<a href=\"mailto:info@myriadprivatewealth.com\">\n\n\t\t\t\t\t\t\t\t\t\t\t\t<span class=\"elementor-icon-list-icon\">\n\t\t\t\t\t\t\t<svg xmlns=\"http:\/\/www.w3.org\/2000\/svg\" width=\"19\" height=\"19\" viewBox=\"0 0 19 19\" fill=\"none\"><g clip-path=\"url(#clip0_2_354)\"><path d=\"M6.68871 10.2886L8.27999 11.8852C8.92529 12.5328 10.0607 12.5468 10.7199 11.8852L12.3113 10.2886L18.0267 16.0226C17.814 16.1209 17.5794 16.1797 17.33 16.1797H1.66989C1.42051 16.1797 1.18602 16.121 0.973343 16.0226L6.68871 10.2886Z\" fill=\"#F3F1E4\"><\/path><path d=\"M1.66996 2.82031H17.3301C17.5795 2.82031 17.8141 2.87902 18.0267 2.9774L11.9194 9.10501C11.919 9.10542 11.9185 9.10549 11.9181 9.1059C11.9177 9.10631 11.9176 9.10686 11.9176 9.10686L9.93177 11.0993C9.72084 11.3102 9.27916 11.3102 9.06823 11.0993L7.08281 9.1072C7.08281 9.1072 7.08233 9.10631 7.08192 9.1059C7.08192 9.1059 7.08103 9.10542 7.08062 9.10501L0.973417 2.97736C1.18609 2.87895 1.42059 2.82031 1.66996 2.82031Z\" fill=\"#F3F1E4\"><\/path><path d=\"M18.8224 3.75586C18.9325 3.97844 19 4.22552 19 4.49018V14.5097C19 14.7744 18.9325 15.0214 18.8224 15.244L13.0971 9.50013L18.8224 3.75586Z\" fill=\"#F3F1E4\"><\/path><path d=\"M0.177561 3.75586L5.90283 9.50021L0.177561 15.2442C0.0674949 15.0216 -4.43459e-05 14.7745 -4.43459e-05 14.5098V4.49025C-4.43459e-05 4.22552 0.0674949 3.97844 0.177561 3.75586Z\" fill=\"#F3F1E4\"><\/path><\/g><defs><clipPath id=\"clip0_2_354\"><rect width=\"19\" height=\"19\" fill=\"white\" transform=\"matrix(-1 0 0 1 19 0)\"><\/rect><\/clipPath><\/defs><\/svg>\t\t\t\t\t\t<\/span>\n\t\t\t\t\t\t\t\t\t\t<span class=\"elementor-icon-list-text\">info@myriadprivatewealth.com<\/span>\n\t\t\t\t\t\t\t\t\t\t\t<\/a>\n\t\t\t\t\t\t\t\t\t<\/li>\n\t\t\t\t\t\t<\/ul>\n\t\t\t\t\t\t<\/div>\n\t\t\t\t<\/div>\n\t\t\t\t<\/div>\n\t\t\t\t\t<\/div>\n\t\t\t\t<\/div>\n\t\t\t\t<\/div>\n\t\t<div class=\"elementor-element elementor-element-fc59445 e-con-full e-flex e-con e-parent\" data-id=\"fc59445\" data-element_type=\"container\" data-e-type=\"container\">\n\t\t<div class=\"elementor-element elementor-element-9a91d4a e-flex e-con-boxed e-con e-child\" data-id=\"9a91d4a\" data-element_type=\"container\" data-e-type=\"container\">\n\t\t\t\t\t<div class=\"e-con-inner\">\n\t\t\t\t<div class=\"elementor-element elementor-element-136e3e3 elementor-widget elementor-widget-google_maps\" data-id=\"136e3e3\" data-element_type=\"widget\" data-e-type=\"widget\" data-widget_type=\"google_maps.default\">\n\t\t\t\t<div class=\"elementor-widget-container\">\n\t\t\t\t\t\t\t<div class=\"elementor-custom-embed\">\n\t\t\t<iframe loading=\"lazy\"\n\t\t\t\t\tsrc=\"https:\/\/maps.google.com\/maps?q=Myriad%20Private%20Wealth&#038;t=m&#038;z=15&#038;output=embed&#038;iwloc=near\"\n\t\t\t\t\ttitle=\"Myriad Private Wealth\"\n\t\t\t\t\taria-label=\"Myriad Private Wealth\"\n\t\t\t><\/iframe>\n\t\t<\/div>\n\t\t\t\t\t\t<\/div>\n\t\t\t\t<\/div>\n\t\t\t\t\t<\/div>\n\t\t\t\t<\/div>\n\t\t\t\t<\/div>\n\t\t\t\t<\/div>\n\t\t","protected":false},"excerpt":{"rendered":"<p>Contact Gestion Priv\u00e9e Myriad Nous joindre Si vous avez des questions concernant nos services, veuillez remplir notre formulaire et nous vous reviendrons d\u00e8s que possible. Merci. Contact Us Name * Email Address * Subject Line * Phone Message * Captcha Entry Key Bureaux 3773, boul. C\u00f4te-Vertu OuestBureau 350BMontr\u00e9al, Qu\u00e9becH4R 2M3 514-375-6172 514-375-6195 info@myriadprivatewealth.com<\/p>\n","protected":false},"author":1,"featured_media":1213,"parent":0,"menu_order":0,"comment_status":"closed","ping_status":"closed","template":"","meta":{"inline_featured_image":false,"footnotes":""},"class_list":["post-1351","page","type-page","status-publish","has-post-thumbnail","hentry"],"_links":{"self":[{"href":"https:\/\/stage.myriadprivatewealth.com\/fr\/wp-json\/wp\/v2\/pages\/1351","targetHints":{"allow":["GET"]}}],"collection":[{"href":"https:\/\/stage.myriadprivatewealth.com\/fr\/wp-json\/wp\/v2\/pages"}],"about":[{"href":"https:\/\/stage.myriadprivatewealth.com\/fr\/wp-json\/wp\/v2\/types\/page"}],"author":[{"embeddable":true,"href":"https:\/\/stage.myriadprivatewealth.com\/fr\/wp-json\/wp\/v2\/users\/1"}],"replies":[{"embeddable":true,"href":"https:\/\/stage.myriadprivatewealth.com\/fr\/wp-json\/wp\/v2\/comments?post=1351"}],"version-history":[{"count":6,"href":"https:\/\/stage.myriadprivatewealth.com\/fr\/wp-json\/wp\/v2\/pages\/1351\/revisions"}],"predecessor-version":[{"id":2246,"href":"https:\/\/stage.myriadprivatewealth.com\/fr\/wp-json\/wp\/v2\/pages\/1351\/revisions\/2246"}],"wp:featuredmedia":[{"embeddable":true,"href":"https:\/\/stage.myriadprivatewealth.com\/fr\/wp-json\/wp\/v2\/media\/1213"}],"wp:attachment":[{"href":"https:\/\/stage.myriadprivatewealth.com\/fr\/wp-json\/wp\/v2\/media?parent=1351"}],"curies":[{"name":"wp","href":"https:\/\/api.w.org\/{rel}","templated":true}]}}