{"id":1356,"date":"2025-05-20T20:54:17","date_gmt":"2025-05-21T00:54:17","guid":{"rendered":"https:\/\/stage.myriadprivatewealth.com\/investment-planning\/"},"modified":"2025-11-17T15:45:45","modified_gmt":"2025-11-17T19:45:45","slug":"gestion-de-partrimoine","status":"publish","type":"page","link":"https:\/\/stage.myriadprivatewealth.com\/fr\/nos-services\/gestion-de-partrimoine\/","title":{"rendered":"Gestion de patrimoine"},"content":{"rendered":"\t\t<div data-elementor-type=\"wp-page\" data-elementor-id=\"1356\" class=\"elementor elementor-1356 elementor-81\" data-elementor-post-type=\"page\">\n\t\t\t\t<div class=\"elementor-element elementor-element-624cbe0d e-con-full e-flex e-con e-parent\" data-id=\"624cbe0d\" data-element_type=\"container\" data-e-type=\"container\" data-settings=\"{&quot;background_background&quot;:&quot;classic&quot;}\">\n\t\t<div class=\"elementor-element elementor-element-4665b9cb e-flex e-con-boxed e-con e-child\" data-id=\"4665b9cb\" data-element_type=\"container\" data-e-type=\"container\">\n\t\t\t\t\t<div class=\"e-con-inner\">\n\t\t<div class=\"elementor-element elementor-element-d2b5dc9 e-con-full e-flex e-con e-child\" data-id=\"d2b5dc9\" data-element_type=\"container\" data-e-type=\"container\">\n\t\t\t\t<div class=\"elementor-element elementor-element-fb230ba elementor-widget elementor-widget-heading\" data-id=\"fb230ba\" data-element_type=\"widget\" data-e-type=\"widget\" data-widget_type=\"heading.default\">\n\t\t\t\t<div class=\"elementor-widget-container\">\n\t\t\t\t\t<h1 class=\"elementor-heading-title elementor-size-default\"><span>Gestion de<\/span> patrimoine<\/h1>\t\t\t\t<\/div>\n\t\t\t\t<\/div>\n\t\t\t\t<\/div>\n\t\t\t\t\t<\/div>\n\t\t\t\t<\/div>\n\t\t\t\t<\/div>\n\t\t<div class=\"elementor-element elementor-element-45c62a3c e-con-full e-flex e-con e-parent\" data-id=\"45c62a3c\" data-element_type=\"container\" data-e-type=\"container\">\n\t\t<div class=\"elementor-element elementor-element-63ed5b0e e-flex e-con-boxed e-con e-child\" data-id=\"63ed5b0e\" data-element_type=\"container\" data-e-type=\"container\">\n\t\t\t\t\t<div class=\"e-con-inner\">\n\t\t<div class=\"elementor-element elementor-element-3df6d2cd e-con-full e-flex e-con e-child\" data-id=\"3df6d2cd\" data-element_type=\"container\" data-e-type=\"container\">\n\t\t\t\t<div class=\"elementor-element elementor-element-1c2d9f69 elementor-widget__width-initial elementor-widget elementor-widget-heading\" data-id=\"1c2d9f69\" data-element_type=\"widget\" data-e-type=\"widget\" data-widget_type=\"heading.default\">\n\t\t\t\t<div class=\"elementor-widget-container\">\n\t\t\t\t\t<h2 class=\"elementor-heading-title elementor-size-default\">Planification strat\u00e9gique <span>pour la&nbsp;croissance<\/span><\/h2>\t\t\t\t<\/div>\n\t\t\t\t<\/div>\n\t\t\t\t<div class=\"elementor-element elementor-element-44aa386a elementor-widget elementor-widget-text-editor\" data-id=\"44aa386a\" data-element_type=\"widget\" data-e-type=\"widget\" data-widget_type=\"text-editor.default\">\n\t\t\t\t<div class=\"elementor-widget-container\">\n\t\t\t\t\t\t\t\t\t<p>Votre strat\u00e9gie d&rsquo;investissement ne doit pas se contenter de suivre le march\u00e9, elle doit suivre votre vie. Chez Gestion Priv\u00e9e Myriade, nous concevons des plans d&rsquo;investissement personnalis\u00e9s qui correspondent \u00e0 vos objectifs, \u00e0 votre horizon temporel et \u00e0 votre tol\u00e9rance au risque. Que vous cherchiez \u00e0 constituer un patrimoine, \u00e0 le pr\u00e9server ou \u00e0 planifier votre retraite, notre approche combine des strat\u00e9gies \u00e9prouv\u00e9es et une surveillance active pour vous aider \u00e0 progresser en toute confiance. Cr\u00e9ons un plan qui fonctionne aussi bien que vous.<\/p>\t\t\t\t\t\t\t\t<\/div>\n\t\t\t\t<\/div>\n\t\t\t\t<\/div>\n\t\t<div class=\"elementor-element elementor-element-45e4f525 e-grid e-con-full e-con e-child\" data-id=\"45e4f525\" data-element_type=\"container\" data-e-type=\"container\">\n\t\t<div class=\"elementor-element elementor-element-3e43ab39 e-con-full e-flex e-con e-child\" data-id=\"3e43ab39\" data-element_type=\"container\" data-e-type=\"container\">\n\t\t\t\t<div class=\"elementor-element elementor-element-2ea26a7f elementor-widget elementor-widget-image\" data-id=\"2ea26a7f\" data-element_type=\"widget\" data-e-type=\"widget\" data-widget_type=\"image.default\">\n\t\t\t\t<div class=\"elementor-widget-container\">\n\t\t\t\t\t\t\t\t\t\t\t\t\t\t\t<img fetchpriority=\"high\" decoding=\"async\" width=\"1188\" height=\"792\" src=\"https:\/\/stage.myriadprivatewealth.com\/wp-content\/uploads\/2025\/06\/services-img-new.jpg\" class=\"attachment-full size-full wp-image-1207\" alt=\"\" srcset=\"https:\/\/stage.myriadprivatewealth.com\/wp-content\/uploads\/2025\/06\/services-img-new.jpg 1188w, https:\/\/stage.myriadprivatewealth.com\/wp-content\/uploads\/2025\/06\/services-img-new-300x200.jpg 300w, https:\/\/stage.myriadprivatewealth.com\/wp-content\/uploads\/2025\/06\/services-img-new-1024x683.jpg 1024w, https:\/\/stage.myriadprivatewealth.com\/wp-content\/uploads\/2025\/06\/services-img-new-768x512.jpg 768w\" sizes=\"(max-width: 1188px) 100vw, 1188px\" \/>\t\t\t\t\t\t\t\t\t\t\t\t\t\t\t<\/div>\n\t\t\t\t<\/div>\n\t\t\t\t<\/div>\n\t\t<div class=\"elementor-element elementor-element-7d2f09ec e-con-full e-flex e-con e-child\" data-id=\"7d2f09ec\" data-element_type=\"container\" data-e-type=\"container\">\n\t\t\t\t<div class=\"elementor-element elementor-element-6d0a2377 elementor-widget elementor-widget-heading\" data-id=\"6d0a2377\" data-element_type=\"widget\" data-e-type=\"widget\" data-widget_type=\"heading.default\">\n\t\t\t\t<div class=\"elementor-widget-container\">\n\t\t\t\t\t<h5 class=\"elementor-heading-title elementor-size-default\">Services offerts<\/h5>\t\t\t\t<\/div>\n\t\t\t\t<\/div>\n\t\t\t\t<div class=\"elementor-element elementor-element-23bf71ee elementor-widget elementor-widget-text-editor\" data-id=\"23bf71ee\" data-element_type=\"widget\" data-e-type=\"widget\" data-widget_type=\"text-editor.default\">\n\t\t\t\t<div class=\"elementor-widget-container\">\n\t\t\t\t\t\t\t\t\t<ul><li>Analyses financi\u00e8res internes approfondies<\/li><li>Acc\u00e8s \u00e0 des analyses externes sur une base hebdomadaire<\/li><li>Acc\u00e8s exclusif \u00e0 des march\u00e9s achet\u00e9s<\/li><li>Diversification tangible par classe d\u2019actif, secteur \u00e9conomique et emplacement g\u00e9ographique<\/li><li>D\u00e9termination de la valeur ax\u00e9e sur un rapport frais de gestion versus rendement<\/li><li>Surveillance, r\u00e9vision et r\u00e9\u00e9quilibrage r\u00e9guliers du portefeuille de nos clients<\/li><li>Investissements selon une approche fond\u00e9e sur la valeur<\/li><\/ul>\t\t\t\t\t\t\t\t<\/div>\n\t\t\t\t<\/div>\n\t\t\t\t<\/div>\n\t\t\t\t<\/div>\n\t\t\t\t\t<\/div>\n\t\t\t\t<\/div>\n\t\t\t\t<\/div>\n\t\t<div class=\"elementor-element elementor-element-18f2a971 e-con-full e-flex e-con e-parent\" data-id=\"18f2a971\" data-element_type=\"container\" data-e-type=\"container\" data-settings=\"{&quot;background_background&quot;:&quot;classic&quot;}\">\n\t\t\t\t<\/div>\n\t\t<div class=\"elementor-element elementor-element-3a966c79 e-con-full elementor-hidden-desktop elementor-hidden-tablet elementor-hidden-mobile e-flex e-con e-parent\" data-id=\"3a966c79\" data-element_type=\"container\" data-e-type=\"container\">\n\t\t<div class=\"elementor-element elementor-element-5ae42f9a e-flex e-con-boxed e-con e-child\" data-id=\"5ae42f9a\" data-element_type=\"container\" data-e-type=\"container\">\n\t\t\t\t\t<div class=\"e-con-inner\">\n\t\t<div class=\"elementor-element elementor-element-256e8c55 e-con-full e-flex e-con e-child\" data-id=\"256e8c55\" data-element_type=\"container\" data-e-type=\"container\">\n\t\t\t\t<div class=\"elementor-element elementor-element-2a120b07 elementor-widget__width-initial elementor-widget elementor-widget-heading\" data-id=\"2a120b07\" data-element_type=\"widget\" data-e-type=\"widget\" data-widget_type=\"heading.default\">\n\t\t\t\t<div class=\"elementor-widget-container\">\n\t\t\t\t\t<h3 class=\"elementor-heading-title elementor-size-default\">Votre plan. \n<span>Votre&nbsp;tranquillit\u00e9 d'esprit.<\/span><\/h3>\t\t\t\t<\/div>\n\t\t\t\t<\/div>\n\t\t\t\t<div class=\"elementor-element elementor-element-58347763 elementor-widget elementor-widget-text-editor\" data-id=\"58347763\" data-element_type=\"widget\" data-e-type=\"widget\" data-widget_type=\"text-editor.default\">\n\t\t\t\t<div class=\"elementor-widget-container\">\n\t\t\t\t\t\t\t\t\t<p>La planification successorale n&rsquo;est pas qu&rsquo;une question de documents &#8211; c&rsquo;est une question de clart\u00e9, de contr\u00f4le et de tranquillit\u00e9 d&rsquo;esprit. Notre \u00e9quipe travaille en \u00e9troite collaboration avec vous pour comprendre vos objectifs, prot\u00e9ger vos proches et veiller \u00e0 ce que votre h\u00e9ritage soit pr\u00e9serv\u00e9 exactement comme vous l&rsquo;entendez. Faisons en sorte que votre avenir soit aussi s\u00fbr que votre pr\u00e9sent.<\/p>\t\t\t\t\t\t\t\t<\/div>\n\t\t\t\t<\/div>\n\t\t\t\t<div class=\"elementor-element elementor-element-51c9a5a7 elementor-align-center elementor-widget elementor-widget-button\" data-id=\"51c9a5a7\" data-element_type=\"widget\" data-e-type=\"widget\" data-widget_type=\"button.default\">\n\t\t\t\t<div class=\"elementor-widget-container\">\n\t\t\t\t\t\t\t\t\t<div class=\"elementor-button-wrapper\">\n\t\t\t\t\t<a class=\"elementor-button elementor-button-link elementor-size-sm\" href=\"https:\/\/stage.myriadprivatewealth.com\/fr\/nous-joindre\/\">\n\t\t\t\t\t\t<span class=\"elementor-button-content-wrapper\">\n\t\t\t\t\t\t\t\t\t<span class=\"elementor-button-text\">En savoir plus<\/span>\n\t\t\t\t\t<\/span>\n\t\t\t\t\t<\/a>\n\t\t\t\t<\/div>\n\t\t\t\t\t\t\t\t<\/div>\n\t\t\t\t<\/div>\n\t\t\t\t<\/div>\n\t\t\t\t\t<\/div>\n\t\t\t\t<\/div>\n\t\t\t\t<\/div>\n\t\t\t\t<\/div>\n\t\t","protected":false},"excerpt":{"rendered":"<p>Gestion de patrimoine Planification strat\u00e9gique pour la&nbsp;croissance Votre strat\u00e9gie d&rsquo;investissement ne doit pas se contenter de suivre le march\u00e9, elle doit suivre votre vie. Chez Gestion Priv\u00e9e Myriade, nous concevons des plans d&rsquo;investissement personnalis\u00e9s qui correspondent \u00e0 vos objectifs, \u00e0 votre horizon temporel et \u00e0 votre tol\u00e9rance au risque. Que vous cherchiez \u00e0 constituer un [&hellip;]<\/p>\n","protected":false},"author":1,"featured_media":1183,"parent":1362,"menu_order":0,"comment_status":"closed","ping_status":"closed","template":"","meta":{"inline_featured_image":false,"footnotes":""},"class_list":["post-1356","page","type-page","status-publish","has-post-thumbnail","hentry"],"_links":{"self":[{"href":"https:\/\/stage.myriadprivatewealth.com\/fr\/wp-json\/wp\/v2\/pages\/1356","targetHints":{"allow":["GET"]}}],"collection":[{"href":"https:\/\/stage.myriadprivatewealth.com\/fr\/wp-json\/wp\/v2\/pages"}],"about":[{"href":"https:\/\/stage.myriadprivatewealth.com\/fr\/wp-json\/wp\/v2\/types\/page"}],"author":[{"embeddable":true,"href":"https:\/\/stage.myriadprivatewealth.com\/fr\/wp-json\/wp\/v2\/users\/1"}],"replies":[{"embeddable":true,"href":"https:\/\/stage.myriadprivatewealth.com\/fr\/wp-json\/wp\/v2\/comments?post=1356"}],"version-history":[{"count":5,"href":"https:\/\/stage.myriadprivatewealth.com\/fr\/wp-json\/wp\/v2\/pages\/1356\/revisions"}],"predecessor-version":[{"id":1399,"href":"https:\/\/stage.myriadprivatewealth.com\/fr\/wp-json\/wp\/v2\/pages\/1356\/revisions\/1399"}],"up":[{"embeddable":true,"href":"https:\/\/stage.myriadprivatewealth.com\/fr\/wp-json\/wp\/v2\/pages\/1362"}],"wp:featuredmedia":[{"embeddable":true,"href":"https:\/\/stage.myriadprivatewealth.com\/fr\/wp-json\/wp\/v2\/media\/1183"}],"wp:attachment":[{"href":"https:\/\/stage.myriadprivatewealth.com\/fr\/wp-json\/wp\/v2\/media?parent=1356"}],"curies":[{"name":"wp","href":"https:\/\/api.w.org\/{rel}","templated":true}]}}