{"id":1362,"date":"2025-05-20T20:49:00","date_gmt":"2025-05-21T00:49:00","guid":{"rendered":"https:\/\/stage.myriadprivatewealth.com\/?page_id=1362"},"modified":"2025-12-18T11:56:34","modified_gmt":"2025-12-18T15:56:34","slug":"nos-services","status":"publish","type":"page","link":"https:\/\/stage.myriadprivatewealth.com\/fr\/nos-services\/","title":{"rendered":"Services"},"content":{"rendered":"\t\t<div data-elementor-type=\"wp-page\" data-elementor-id=\"1362\" class=\"elementor elementor-1362 elementor-64\" data-elementor-post-type=\"page\">\n\t\t\t\t<div class=\"elementor-element elementor-element-563577e5 e-con-full e-flex e-con e-parent\" data-id=\"563577e5\" data-element_type=\"container\" data-e-type=\"container\" data-settings=\"{&quot;background_background&quot;:&quot;classic&quot;}\">\n\t\t<div class=\"elementor-element elementor-element-2333026 e-flex e-con-boxed e-con e-child\" data-id=\"2333026\" data-element_type=\"container\" data-e-type=\"container\">\n\t\t\t\t\t<div class=\"e-con-inner\">\n\t\t<div class=\"elementor-element elementor-element-0e92bdd e-con-full e-flex e-con e-child\" data-id=\"0e92bdd\" data-element_type=\"container\" data-e-type=\"container\">\n\t\t\t\t<div class=\"elementor-element elementor-element-cbb65dc elementor-widget elementor-widget-heading\" data-id=\"cbb65dc\" data-element_type=\"widget\" data-e-type=\"widget\" data-widget_type=\"heading.default\">\n\t\t\t\t<div class=\"elementor-widget-container\">\n\t\t\t\t\t<h1 class=\"elementor-heading-title elementor-size-default\"><span>Nos<\/span> Services<\/h1>\t\t\t\t<\/div>\n\t\t\t\t<\/div>\n\t\t\t\t<div class=\"elementor-element elementor-element-1e04d9b elementor-widget__width-initial elementor-widget elementor-widget-text-editor\" data-id=\"1e04d9b\" data-element_type=\"widget\" data-e-type=\"widget\" data-widget_type=\"text-editor.default\">\n\t\t\t\t<div class=\"elementor-widget-container\">\n\t\t\t\t\t\t\t\t\t<p>Un r\u00eave couch\u00e9 sur papier devient un <strong><em>OBJECTIF<\/em><\/strong>.<br>Un objectif d\u00e9clin\u00e9 en jalons devient un <strong><em>PLAN<\/em><\/strong>.<br>Un plan mis \u00e0 ex\u00e9cution devient une <strong><em>R\u00c9ALIT\u00c9<\/em><\/strong>.<\/p>\t\t\t\t\t\t\t\t<\/div>\n\t\t\t\t<\/div>\n\t\t\t\t<\/div>\n\t\t\t\t\t<\/div>\n\t\t\t\t<\/div>\n\t\t\t\t<\/div>\n\t\t<div class=\"elementor-element elementor-element-7420b59 e-con-full e-flex e-con e-parent\" data-id=\"7420b59\" data-element_type=\"container\" data-e-type=\"container\">\n\t\t<div class=\"elementor-element elementor-element-291c1827 e-flex e-con-boxed e-con e-child\" data-id=\"291c1827\" data-element_type=\"container\" data-e-type=\"container\">\n\t\t\t\t\t<div class=\"e-con-inner\">\n\t\t<div class=\"elementor-element elementor-element-1687d2a8 e-con-full e-flex e-con e-child\" data-id=\"1687d2a8\" data-element_type=\"container\" data-e-type=\"container\">\n\t\t\t\t<div class=\"elementor-element elementor-element-6b737467 elementor-widget__width-initial elementor-widget elementor-widget-heading\" data-id=\"6b737467\" data-element_type=\"widget\" data-e-type=\"widget\" data-widget_type=\"heading.default\">\n\t\t\t\t<div class=\"elementor-widget-container\">\n\t\t\t\t\t<h2 class=\"elementor-heading-title elementor-size-default\">Un plan de retraite r\u00e9fl\u00e9chi est un ingr\u00e9dient <span>essentiel \u00e0 la paix d\u2019esprit<\/span><\/h2>\t\t\t\t<\/div>\n\t\t\t\t<\/div>\n\t\t\t\t<div class=\"elementor-element elementor-element-3e28c30b elementor-widget elementor-widget-text-editor\" data-id=\"3e28c30b\" data-element_type=\"widget\" data-e-type=\"widget\" data-widget_type=\"text-editor.default\">\n\t\t\t\t<div class=\"elementor-widget-container\">\n\t\t\t\t\t\t\t\t\t<p>Gestion Priv\u00e9e Myriad emprunte des strat\u00e9gies adapt\u00e9es et vous aide \u00e0 saisir les moyens d\u2019atteindre vos objectifs et de r\u00e9aliser vos r\u00eaves. Notre d\u00e9marche permet de cerner les occasions afin d\u2019offrir des conseils financiers strat\u00e9giques.<\/p><p>Nous cherchons \u00e0 \u00e9carter nos clients des \u00e9cueils potentiels gr\u00e2ce \u00e0 notre vaste gamme de service.<\/p><p>L\u2019analyse exhaustive qui en r\u00e9sulte brosse un tableau limpide de leur avenir et des moyens pour le r\u00e9aliser.<\/p>\t\t\t\t\t\t\t\t<\/div>\n\t\t\t\t<\/div>\n\t\t\t\t<\/div>\n\t\t\t\t\t<\/div>\n\t\t\t\t<\/div>\n\t\t\t\t<\/div>\n\t\t<div class=\"elementor-element elementor-element-7022a0d e-con-full e-flex e-con e-parent\" data-id=\"7022a0d\" data-element_type=\"container\" data-e-type=\"container\">\n\t\t<div class=\"elementor-element elementor-element-7360458 e-con-full e-flex e-con e-child\" data-id=\"7360458\" data-element_type=\"container\" data-e-type=\"container\">\n\t\t<div class=\"elementor-element elementor-element-d281de0 e-grid e-con-full e-con e-child\" data-id=\"d281de0\" data-element_type=\"container\" data-e-type=\"container\">\n\t\t<div class=\"elementor-element elementor-element-b1b7bf5 e-con-full e-flex e-con e-child\" data-id=\"b1b7bf5\" data-element_type=\"container\" data-e-type=\"container\" data-settings=\"{&quot;background_background&quot;:&quot;classic&quot;}\">\n\t\t\t\t<\/div>\n\t\t<div class=\"elementor-element elementor-element-15bdb8e e-con-full e-flex e-con e-child\" data-id=\"15bdb8e\" data-element_type=\"container\" data-e-type=\"container\">\n\t\t\t\t<div class=\"elementor-element elementor-element-425749c elementor-widget elementor-widget-heading\" data-id=\"425749c\" data-element_type=\"widget\" data-e-type=\"widget\" data-widget_type=\"heading.default\">\n\t\t\t\t<div class=\"elementor-widget-container\">\n\t\t\t\t\t<h5 class=\"elementor-heading-title elementor-size-default\">Gestion de patrimoine<\/h5>\t\t\t\t<\/div>\n\t\t\t\t<\/div>\n\t\t\t\t<div class=\"elementor-element elementor-element-1ee0769 elementor-widget elementor-widget-heading\" data-id=\"1ee0769\" data-element_type=\"widget\" data-e-type=\"widget\" data-widget_type=\"heading.default\">\n\t\t\t\t<div class=\"elementor-widget-container\">\n\t\t\t\t\t<h6 class=\"elementor-heading-title elementor-size-default\">Parce que l\u2019argent ne vient pas avec un manuel d\u2019instruction.<\/h6>\t\t\t\t<\/div>\n\t\t\t\t<\/div>\n\t\t\t\t<div class=\"elementor-element elementor-element-f0b52f5 elementor-widget elementor-widget-text-editor\" data-id=\"f0b52f5\" data-element_type=\"widget\" data-e-type=\"widget\" data-widget_type=\"text-editor.default\">\n\t\t\t\t<div class=\"elementor-widget-container\">\n\t\t\t\t\t\t\t\t\t<p><span style=\"font-weight: 400;\">Aux yeux de Gestion Priv\u00e9e Myriad, chaque client est unique, avec des objectifs et des valeurs qui lui sont propres. Nous croyons \u00e9galement que chacun porte un regard particulier sur son patrimoine et sur la mani\u00e8re de le faire \u00e9voluer. C\u2019est pourquoi la construction d\u2019un portefeuille adapt\u00e9 au niveau de tol\u00e9rance au risque et aux objectifs personnels de chacun se trouve au c\u0153ur de nos activit\u00e9s.<\/span><\/p><p><span style=\"font-weight: 400;\">Une fois ce profil \u00e9tabli, nous structurons les portefeuilles selon une diversification r\u00e9fl\u00e9chie des cat\u00e9gories d\u2019actifs et des secteurs d\u2019investissement. Nos strat\u00e9gies visent \u00e0 pr\u00e9server le capital et \u00e0 accompagner la croissance du patrimoine dans un cadre disciplin\u00e9, tout en tenant compte des conditions de march\u00e9 et des pr\u00e9f\u00e9rences individuelles.<\/span><\/p>\t\t\t\t\t\t\t\t<\/div>\n\t\t\t\t<\/div>\n\t\t\t\t<div class=\"elementor-element elementor-element-e68d2e1 elementor-align-left elementor-widget elementor-widget-button\" data-id=\"e68d2e1\" data-element_type=\"widget\" data-e-type=\"widget\" data-widget_type=\"button.default\">\n\t\t\t\t<div class=\"elementor-widget-container\">\n\t\t\t\t\t\t\t\t\t<div class=\"elementor-button-wrapper\">\n\t\t\t\t\t<a class=\"elementor-button elementor-button-link elementor-size-sm\" href=\"https:\/\/stage.myriadprivatewealth.com\/fr\/nos-services\/gestion-de-partrimoine\/\">\n\t\t\t\t\t\t<span class=\"elementor-button-content-wrapper\">\n\t\t\t\t\t\t\t\t\t<span class=\"elementor-button-text\">D\u00e9tails<\/span>\n\t\t\t\t\t<\/span>\n\t\t\t\t\t<\/a>\n\t\t\t\t<\/div>\n\t\t\t\t\t\t\t\t<\/div>\n\t\t\t\t<\/div>\n\t\t\t\t<\/div>\n\t\t\t\t<\/div>\n\t\t<div class=\"elementor-element elementor-element-08aa4a3 e-grid e-con-full e-con e-child\" data-id=\"08aa4a3\" data-element_type=\"container\" data-e-type=\"container\">\n\t\t<div class=\"elementor-element elementor-element-3b89d5a e-con-full e-flex e-con e-child\" data-id=\"3b89d5a\" data-element_type=\"container\" data-e-type=\"container\">\n\t\t\t\t<div class=\"elementor-element elementor-element-259bb82 elementor-widget elementor-widget-heading\" data-id=\"259bb82\" data-element_type=\"widget\" data-e-type=\"widget\" data-widget_type=\"heading.default\">\n\t\t\t\t<div class=\"elementor-widget-container\">\n\t\t\t\t\t<h5 class=\"elementor-heading-title elementor-size-default\">Planification fiscale<\/h5>\t\t\t\t<\/div>\n\t\t\t\t<\/div>\n\t\t\t\t<div class=\"elementor-element elementor-element-4992cca elementor-widget elementor-widget-heading\" data-id=\"4992cca\" data-element_type=\"widget\" data-e-type=\"widget\" data-widget_type=\"heading.default\">\n\t\t\t\t<div class=\"elementor-widget-container\">\n\t\t\t\t\t<h6 class=\"elementor-heading-title elementor-size-default\">Les investissements sont une question d\u2019opinion et les taxes sont une question de fait.<\/h6>\t\t\t\t<\/div>\n\t\t\t\t<\/div>\n\t\t\t\t<div class=\"elementor-element elementor-element-7c91ae2 elementor-widget elementor-widget-text-editor\" data-id=\"7c91ae2\" data-element_type=\"widget\" data-e-type=\"widget\" data-widget_type=\"text-editor.default\">\n\t\t\t\t<div class=\"elementor-widget-container\">\n\t\t\t\t\t\t\t\t\t<p>L\u2019imp\u00f4t touche toutes les facettes de la situation financi\u00e8re de nos clients. Ainsi, un bon plan ne peut \u00eatre \u00e9labor\u00e9 sans ma\u00eetriser les tenants et aboutissants fiscaux d\u2019\u00e9l\u00e9ments comme les placements non enregistr\u00e9s, les retraits de comptes enregistr\u00e9s ou les instruments de planification successorale pour r\u00e9duire le fardeau fiscal. Gestion Priv\u00e9e Myriad d\u00e9termine ces aspects pour ses clients et les met en rapport avec notre r\u00e9seau de\u00a0professionnels afin de cr\u00e9er diff\u00e9rentes structures fiscales, notamment des fiducies, des soci\u00e9t\u00e9s de portefeuille, des fondations et des r\u00e9gimes de retraite individuels.<\/p>\t\t\t\t\t\t\t\t<\/div>\n\t\t\t\t<\/div>\n\t\t\t\t<div class=\"elementor-element elementor-element-8427cb6 elementor-align-left elementor-widget elementor-widget-button\" data-id=\"8427cb6\" data-element_type=\"widget\" data-e-type=\"widget\" data-widget_type=\"button.default\">\n\t\t\t\t<div class=\"elementor-widget-container\">\n\t\t\t\t\t\t\t\t\t<div class=\"elementor-button-wrapper\">\n\t\t\t\t\t<a class=\"elementor-button elementor-button-link elementor-size-sm\" href=\"https:\/\/stage.myriadprivatewealth.com\/fr\/nos-services\/tax-planning\/\">\n\t\t\t\t\t\t<span class=\"elementor-button-content-wrapper\">\n\t\t\t\t\t\t\t\t\t<span class=\"elementor-button-text\">D\u00e9tails<\/span>\n\t\t\t\t\t<\/span>\n\t\t\t\t\t<\/a>\n\t\t\t\t<\/div>\n\t\t\t\t\t\t\t\t<\/div>\n\t\t\t\t<\/div>\n\t\t\t\t<\/div>\n\t\t<div class=\"elementor-element elementor-element-1e2431c e-con-full e-flex e-con e-child\" data-id=\"1e2431c\" data-element_type=\"container\" data-e-type=\"container\" data-settings=\"{&quot;background_background&quot;:&quot;classic&quot;}\">\n\t\t\t\t<\/div>\n\t\t\t\t<\/div>\n\t\t<div class=\"elementor-element elementor-element-b6efc05 e-grid e-con-full e-con e-child\" data-id=\"b6efc05\" data-element_type=\"container\" data-e-type=\"container\">\n\t\t<div class=\"elementor-element elementor-element-53f7b5f e-con-full e-flex e-con e-child\" data-id=\"53f7b5f\" data-element_type=\"container\" data-e-type=\"container\" data-settings=\"{&quot;background_background&quot;:&quot;classic&quot;}\">\n\t\t\t\t<\/div>\n\t\t<div class=\"elementor-element elementor-element-27029b8 e-con-full e-flex e-con e-child\" data-id=\"27029b8\" data-element_type=\"container\" data-e-type=\"container\">\n\t\t\t\t<div class=\"elementor-element elementor-element-a0014ba elementor-widget elementor-widget-heading\" data-id=\"a0014ba\" data-element_type=\"widget\" data-e-type=\"widget\" data-widget_type=\"heading.default\">\n\t\t\t\t<div class=\"elementor-widget-container\">\n\t\t\t\t\t<h5 class=\"elementor-heading-title elementor-size-default\">Planification de retraite<\/h5>\t\t\t\t<\/div>\n\t\t\t\t<\/div>\n\t\t\t\t<div class=\"elementor-element elementor-element-f0d798e elementor-widget elementor-widget-heading\" data-id=\"f0d798e\" data-element_type=\"widget\" data-e-type=\"widget\" data-widget_type=\"heading.default\">\n\t\t\t\t<div class=\"elementor-widget-container\">\n\t\t\t\t\t<h6 class=\"elementor-heading-title elementor-size-default\">Planifier c\u2019est l\u2019art d\u2019appr\u00e9hender le futur, au pr\u00e9sent.<\/h6>\t\t\t\t<\/div>\n\t\t\t\t<\/div>\n\t\t\t\t<div class=\"elementor-element elementor-element-1619588 elementor-widget elementor-widget-text-editor\" data-id=\"1619588\" data-element_type=\"widget\" data-e-type=\"widget\" data-widget_type=\"text-editor.default\">\n\t\t\t\t<div class=\"elementor-widget-container\">\n\t\t\t\t\t\t\t\t\t<p>Fid\u00e8les \u00e0 notre philosophie d\u2019investissements disciplin\u00e9s et de veille strat\u00e9gique, nous travaillerons pour faire fructifier vos avoirs tout en esquivant les pi\u00e8ges potentiels. Nous croyons que vos \u00e9pargnes doivent reposer sur de solides assises. Gestion Priv\u00e9e Myriad estime que la poursuite du rendement doit se faire de mani\u00e8re raisonn\u00e9e, sans prendre de risques inutiles. De plus, nous tenons \u00e0 vous rencontrer r\u00e9guli\u00e8rement pour dresser le bilan de notre travail, mais aussi pour r\u00e9\u00e9valuer votre plan en fonction de votre cheminement de vie.<\/p>\t\t\t\t\t\t\t\t<\/div>\n\t\t\t\t<\/div>\n\t\t\t\t<div class=\"elementor-element elementor-element-88e630d elementor-align-left elementor-widget elementor-widget-button\" data-id=\"88e630d\" data-element_type=\"widget\" data-e-type=\"widget\" data-widget_type=\"button.default\">\n\t\t\t\t<div class=\"elementor-widget-container\">\n\t\t\t\t\t\t\t\t\t<div class=\"elementor-button-wrapper\">\n\t\t\t\t\t<a class=\"elementor-button elementor-button-link elementor-size-sm\" href=\"https:\/\/stage.myriadprivatewealth.com\/fr\/nos-services\/planification-de-la-retraite\/\">\n\t\t\t\t\t\t<span class=\"elementor-button-content-wrapper\">\n\t\t\t\t\t\t\t\t\t<span class=\"elementor-button-text\">D\u00e9tails<\/span>\n\t\t\t\t\t<\/span>\n\t\t\t\t\t<\/a>\n\t\t\t\t<\/div>\n\t\t\t\t\t\t\t\t<\/div>\n\t\t\t\t<\/div>\n\t\t\t\t<\/div>\n\t\t\t\t<\/div>\n\t\t<div class=\"elementor-element elementor-element-b996424 e-grid e-con-full e-con e-child\" data-id=\"b996424\" data-element_type=\"container\" data-e-type=\"container\">\n\t\t<div class=\"elementor-element elementor-element-c29885e e-con-full e-flex e-con e-child\" data-id=\"c29885e\" data-element_type=\"container\" data-e-type=\"container\">\n\t\t\t\t<div class=\"elementor-element elementor-element-a1c2a7b elementor-widget elementor-widget-heading\" data-id=\"a1c2a7b\" data-element_type=\"widget\" data-e-type=\"widget\" data-widget_type=\"heading.default\">\n\t\t\t\t<div class=\"elementor-widget-container\">\n\t\t\t\t\t<h5 class=\"elementor-heading-title elementor-size-default\">Planification successorale et d\u2019assurance*<\/h5>\t\t\t\t<\/div>\n\t\t\t\t<\/div>\n\t\t\t\t<div class=\"elementor-element elementor-element-31be40a elementor-widget elementor-widget-heading\" data-id=\"31be40a\" data-element_type=\"widget\" data-e-type=\"widget\" data-widget_type=\"heading.default\">\n\t\t\t\t<div class=\"elementor-widget-container\">\n\t\t\t\t\t<h6 class=\"elementor-heading-title elementor-size-default\">Vos partenaires strat\u00e9giques en mati\u00e8re de patrimoine.<\/h6>\t\t\t\t<\/div>\n\t\t\t\t<\/div>\n\t\t\t\t<div class=\"elementor-element elementor-element-2acba17 elementor-widget elementor-widget-text-editor\" data-id=\"2acba17\" data-element_type=\"widget\" data-e-type=\"widget\" data-widget_type=\"text-editor.default\">\n\t\t\t\t<div class=\"elementor-widget-container\">\n\t\t\t\t\t\t\t\t\t<p>La planification successorale est l\u2019art de penser au pass\u00e9, au pr\u00e9sent et au futur. Un investisseur qui n\u00e9glige de dresser un plan successoral expose son patrimoine \u00e0 des risques. Au-del\u00e0 de la planification fiscale, Gestion Priv\u00e9e Myriade \u00e0 un r\u00e9seau de professionnels qui peuvent outiller leurs clients avec un testament et un mandat de protection en bonne et due forme. Nous avons tous \u00e0 c\u0153ur d\u2019emp\u00eacher vos avoirs de tomber dans les mauvaises mains. \u00c0 cette fin, nous faisons appel \u00e0 un groupe de notaires, de comptables, d\u2019actuaires, de fiscalistes et d\u2019avocats.<\/p>\t\t\t\t\t\t\t\t<\/div>\n\t\t\t\t<\/div>\n\t\t\t\t<div class=\"elementor-element elementor-element-b2e11d5 elementor-align-left elementor-widget elementor-widget-button\" data-id=\"b2e11d5\" data-element_type=\"widget\" data-e-type=\"widget\" data-widget_type=\"button.default\">\n\t\t\t\t<div class=\"elementor-widget-container\">\n\t\t\t\t\t\t\t\t\t<div class=\"elementor-button-wrapper\">\n\t\t\t\t\t<a class=\"elementor-button elementor-button-link elementor-size-sm\" href=\"https:\/\/stage.myriadprivatewealth.com\/fr\/nos-services\/planification-successorale-et-dassurance\/\">\n\t\t\t\t\t\t<span class=\"elementor-button-content-wrapper\">\n\t\t\t\t\t\t\t\t\t<span class=\"elementor-button-text\">D\u00e9tails<\/span>\n\t\t\t\t\t<\/span>\n\t\t\t\t\t<\/a>\n\t\t\t\t<\/div>\n\t\t\t\t\t\t\t\t<\/div>\n\t\t\t\t<\/div>\n\t\t\t\t<\/div>\n\t\t<div class=\"elementor-element elementor-element-004bab3 e-con-full e-flex e-con e-child\" data-id=\"004bab3\" data-element_type=\"container\" data-e-type=\"container\" data-settings=\"{&quot;background_background&quot;:&quot;classic&quot;}\">\n\t\t\t\t<\/div>\n\t\t\t\t<\/div>\n\t\t<div class=\"elementor-element elementor-element-45623de e-grid e-con-full e-con e-child\" data-id=\"45623de\" data-element_type=\"container\" data-e-type=\"container\">\n\t\t<div class=\"elementor-element elementor-element-17a32ca e-con-full e-flex e-con e-child\" data-id=\"17a32ca\" data-element_type=\"container\" data-e-type=\"container\" data-settings=\"{&quot;background_background&quot;:&quot;classic&quot;}\">\n\t\t\t\t<\/div>\n\t\t<div class=\"elementor-element elementor-element-620cdc6 e-con-full e-flex e-con e-child\" data-id=\"620cdc6\" data-element_type=\"container\" data-e-type=\"container\">\n\t\t\t\t<div class=\"elementor-element elementor-element-938cefc elementor-widget elementor-widget-heading\" data-id=\"938cefc\" data-element_type=\"widget\" data-e-type=\"widget\" data-widget_type=\"heading.default\">\n\t\t\t\t<div class=\"elementor-widget-container\">\n\t\t\t\t\t<h5 class=\"elementor-heading-title elementor-size-default\">Planification corporative<\/h5>\t\t\t\t<\/div>\n\t\t\t\t<\/div>\n\t\t\t\t<div class=\"elementor-element elementor-element-4e48857 elementor-widget elementor-widget-heading\" data-id=\"4e48857\" data-element_type=\"widget\" data-e-type=\"widget\" data-widget_type=\"heading.default\">\n\t\t\t\t<div class=\"elementor-widget-container\">\n\t\t\t\t\t<h6 class=\"elementor-heading-title elementor-size-default\">Vos employ\u00e9s sont votre plus pr\u00e9cieux actif. Un salaire n\u2019ach\u00e8te pas la passion.<\/h6>\t\t\t\t<\/div>\n\t\t\t\t<\/div>\n\t\t\t\t<div class=\"elementor-element elementor-element-bb2da40 elementor-widget elementor-widget-text-editor\" data-id=\"bb2da40\" data-element_type=\"widget\" data-e-type=\"widget\" data-widget_type=\"text-editor.default\">\n\t\t\t\t<div class=\"elementor-widget-container\">\n\t\t\t\t\t\t\t\t\t<p>Nous aidons les propri\u00e9taires d\u2019entreprise \u00e0 optimiser leur programme de r\u00e9tention du personnel. Nous sommes pass\u00e9s ma\u00eetres dans l\u2019art d\u2019accompagner les entreprises dans la mise en \u0153uvre d\u2019un r\u00e9gime d\u2019assurance* et de rentes collectives* pour les employ\u00e9s.<\/p>\t\t\t\t\t\t\t\t<\/div>\n\t\t\t\t<\/div>\n\t\t\t\t<div class=\"elementor-element elementor-element-36913e8 elementor-align-left elementor-widget elementor-widget-button\" data-id=\"36913e8\" data-element_type=\"widget\" data-e-type=\"widget\" data-widget_type=\"button.default\">\n\t\t\t\t<div class=\"elementor-widget-container\">\n\t\t\t\t\t\t\t\t\t<div class=\"elementor-button-wrapper\">\n\t\t\t\t\t<a class=\"elementor-button elementor-button-link elementor-size-sm\" href=\"https:\/\/stage.myriadprivatewealth.com\/fr\/nos-services\/planification-corporative\/\">\n\t\t\t\t\t\t<span class=\"elementor-button-content-wrapper\">\n\t\t\t\t\t\t\t\t\t<span class=\"elementor-button-text\">D\u00e9tails<\/span>\n\t\t\t\t\t<\/span>\n\t\t\t\t\t<\/a>\n\t\t\t\t<\/div>\n\t\t\t\t\t\t\t\t<\/div>\n\t\t\t\t<\/div>\n\t\t\t\t<\/div>\n\t\t\t\t<\/div>\n\t\t\t\t<\/div>\n\t\t\t\t<\/div>\n\t\t\t\t<\/div>\n\t\t","protected":false},"excerpt":{"rendered":"<p>Nos Services Un r\u00eave couch\u00e9 sur papier devient un OBJECTIF.Un objectif d\u00e9clin\u00e9 en jalons devient un PLAN.Un plan mis \u00e0 ex\u00e9cution devient une R\u00c9ALIT\u00c9. Un plan de retraite r\u00e9fl\u00e9chi est un ingr\u00e9dient essentiel \u00e0 la paix d\u2019esprit Gestion Priv\u00e9e Myriad emprunte des strat\u00e9gies adapt\u00e9es et vous aide \u00e0 saisir les moyens d\u2019atteindre vos objectifs et [&hellip;]<\/p>\n","protected":false},"author":1,"featured_media":1537,"parent":0,"menu_order":0,"comment_status":"closed","ping_status":"closed","template":"","meta":{"inline_featured_image":false,"footnotes":""},"class_list":["post-1362","page","type-page","status-publish","has-post-thumbnail","hentry"],"_links":{"self":[{"href":"https:\/\/stage.myriadprivatewealth.com\/fr\/wp-json\/wp\/v2\/pages\/1362","targetHints":{"allow":["GET"]}}],"collection":[{"href":"https:\/\/stage.myriadprivatewealth.com\/fr\/wp-json\/wp\/v2\/pages"}],"about":[{"href":"https:\/\/stage.myriadprivatewealth.com\/fr\/wp-json\/wp\/v2\/types\/page"}],"author":[{"embeddable":true,"href":"https:\/\/stage.myriadprivatewealth.com\/fr\/wp-json\/wp\/v2\/users\/1"}],"replies":[{"embeddable":true,"href":"https:\/\/stage.myriadprivatewealth.com\/fr\/wp-json\/wp\/v2\/comments?post=1362"}],"version-history":[{"count":75,"href":"https:\/\/stage.myriadprivatewealth.com\/fr\/wp-json\/wp\/v2\/pages\/1362\/revisions"}],"predecessor-version":[{"id":2378,"href":"https:\/\/stage.myriadprivatewealth.com\/fr\/wp-json\/wp\/v2\/pages\/1362\/revisions\/2378"}],"wp:featuredmedia":[{"embeddable":true,"href":"https:\/\/stage.myriadprivatewealth.com\/fr\/wp-json\/wp\/v2\/media\/1537"}],"wp:attachment":[{"href":"https:\/\/stage.myriadprivatewealth.com\/fr\/wp-json\/wp\/v2\/media?parent=1362"}],"curies":[{"name":"wp","href":"https:\/\/api.w.org\/{rel}","templated":true}]}}