{"id":1367,"date":"2025-05-20T20:54:47","date_gmt":"2025-05-21T00:54:47","guid":{"rendered":"https:\/\/stage.myriadprivatewealth.com\/nos-services\/tax-planning\/"},"modified":"2025-11-18T15:22:24","modified_gmt":"2025-11-18T19:22:24","slug":"planification-fiscale","status":"publish","type":"page","link":"https:\/\/stage.myriadprivatewealth.com\/fr\/nos-services\/planification-fiscale\/","title":{"rendered":"Planification fiscale"},"content":{"rendered":"\t\t<div data-elementor-type=\"wp-page\" data-elementor-id=\"1367\" class=\"elementor elementor-1367 elementor-83\" data-elementor-post-type=\"page\">\n\t\t\t\t<div class=\"elementor-element elementor-element-2863d185 e-con-full e-flex e-con e-parent\" data-id=\"2863d185\" data-element_type=\"container\" data-e-type=\"container\" data-settings=\"{&quot;background_background&quot;:&quot;classic&quot;}\">\n\t\t<div class=\"elementor-element elementor-element-770b174e e-flex e-con-boxed e-con e-child\" data-id=\"770b174e\" data-element_type=\"container\" data-e-type=\"container\">\n\t\t\t\t\t<div class=\"e-con-inner\">\n\t\t<div class=\"elementor-element elementor-element-32bd218c e-con-full e-flex e-con e-child\" data-id=\"32bd218c\" data-element_type=\"container\" data-e-type=\"container\">\n\t\t\t\t<div class=\"elementor-element elementor-element-40e18de elementor-widget elementor-widget-heading\" data-id=\"40e18de\" data-element_type=\"widget\" data-e-type=\"widget\" data-widget_type=\"heading.default\">\n\t\t\t\t<div class=\"elementor-widget-container\">\n\t\t\t\t\t<h1 class=\"elementor-heading-title elementor-size-default\"><span>Planification<\/span> fiscale<\/h1>\t\t\t\t<\/div>\n\t\t\t\t<\/div>\n\t\t\t\t<\/div>\n\t\t\t\t\t<\/div>\n\t\t\t\t<\/div>\n\t\t\t\t<\/div>\n\t\t<div class=\"elementor-element elementor-element-5cc95232 e-con-full e-flex e-con e-parent\" data-id=\"5cc95232\" data-element_type=\"container\" data-e-type=\"container\">\n\t\t<div class=\"elementor-element elementor-element-3f1f0c71 e-flex e-con-boxed e-con e-child\" data-id=\"3f1f0c71\" data-element_type=\"container\" data-e-type=\"container\">\n\t\t\t\t\t<div class=\"e-con-inner\">\n\t\t<div class=\"elementor-element elementor-element-1645cec9 e-con-full e-flex e-con e-child\" data-id=\"1645cec9\" data-element_type=\"container\" data-e-type=\"container\">\n\t\t\t\t<div class=\"elementor-element elementor-element-74ac5ba3 elementor-widget__width-initial elementor-widget elementor-widget-heading\" data-id=\"74ac5ba3\" data-element_type=\"widget\" data-e-type=\"widget\" data-widget_type=\"heading.default\">\n\t\t\t\t<div class=\"elementor-widget-container\">\n\t\t\t\t\t<h2 class=\"elementor-heading-title elementor-size-default\">Nous collaborons \u00e9troitement <span>avec nos clients<\/span><\/h2>\t\t\t\t<\/div>\n\t\t\t\t<\/div>\n\t\t\t\t<div class=\"elementor-element elementor-element-4d73b0e1 elementor-widget elementor-widget-text-editor\" data-id=\"4d73b0e1\" data-element_type=\"widget\" data-e-type=\"widget\" data-widget_type=\"text-editor.default\">\n\t\t\t\t<div class=\"elementor-widget-container\">\n\t\t\t\t\t\t\t\t\t<p>\u00e0 l\u2019\u00e9laboration d\u2019une structure fiscale efficace correspondant \u00e0 leurs besoins.<\/p>\t\t\t\t\t\t\t\t<\/div>\n\t\t\t\t<\/div>\n\t\t\t\t<\/div>\n\t\t<div class=\"elementor-element elementor-element-6a562560 e-grid e-con-full e-con e-child\" data-id=\"6a562560\" data-element_type=\"container\" data-e-type=\"container\">\n\t\t<div class=\"elementor-element elementor-element-70b58313 e-con-full e-flex e-con e-child\" data-id=\"70b58313\" data-element_type=\"container\" data-e-type=\"container\">\n\t\t\t\t<div class=\"elementor-element elementor-element-6a600f4e elementor-widget elementor-widget-image\" data-id=\"6a600f4e\" data-element_type=\"widget\" data-e-type=\"widget\" data-widget_type=\"image.default\">\n\t\t\t\t<div class=\"elementor-widget-container\">\n\t\t\t\t\t\t\t\t\t\t\t\t\t\t\t<img fetchpriority=\"high\" decoding=\"async\" width=\"1008\" height=\"590\" src=\"https:\/\/stage.myriadprivatewealth.com\/wp-content\/uploads\/2025\/06\/process3-wealth-magnifier.jpg\" class=\"attachment-full size-full wp-image-1193\" alt=\"\" srcset=\"https:\/\/stage.myriadprivatewealth.com\/wp-content\/uploads\/2025\/06\/process3-wealth-magnifier.jpg 1008w, https:\/\/stage.myriadprivatewealth.com\/wp-content\/uploads\/2025\/06\/process3-wealth-magnifier-300x176.jpg 300w, https:\/\/stage.myriadprivatewealth.com\/wp-content\/uploads\/2025\/06\/process3-wealth-magnifier-768x450.jpg 768w\" sizes=\"(max-width: 1008px) 100vw, 1008px\" \/>\t\t\t\t\t\t\t\t\t\t\t\t\t\t\t<\/div>\n\t\t\t\t<\/div>\n\t\t\t\t<\/div>\n\t\t<div class=\"elementor-element elementor-element-4c4f4f59 e-con-full e-flex e-con e-child\" data-id=\"4c4f4f59\" data-element_type=\"container\" data-e-type=\"container\">\n\t\t\t\t<div class=\"elementor-element elementor-element-9f1692f elementor-widget elementor-widget-heading\" data-id=\"9f1692f\" data-element_type=\"widget\" data-e-type=\"widget\" data-widget_type=\"heading.default\">\n\t\t\t\t<div class=\"elementor-widget-container\">\n\t\t\t\t\t<h5 class=\"elementor-heading-title elementor-size-default\">Services offerts<\/h5>\t\t\t\t<\/div>\n\t\t\t\t<\/div>\n\t\t\t\t<div class=\"elementor-element elementor-element-5692945d elementor-widget elementor-widget-text-editor\" data-id=\"5692945d\" data-element_type=\"widget\" data-e-type=\"widget\" data-widget_type=\"text-editor.default\">\n\t\t\t\t<div class=\"elementor-widget-container\">\n\t\t\t\t\t\t\t\t\t<ul><li>Fonds constitu\u00e9s en soci\u00e9t\u00e9 pour les investissements non enregistr\u00e9s<\/li><li>Strat\u00e9gies pour \u00e9viter la r\u00e9cup\u00e9ration des prestations de la s\u00e9curit\u00e9 de la vieillesse<\/li><li>Strat\u00e9gie de retour de capital en fin d\u2019ann\u00e9e pour r\u00e9duire l\u2019imp\u00f4t li\u00e9 au feuillet T4<\/li><li>Strat\u00e9gies de fractionnement du revenu (REER de conjoint, pr\u00eat au conjoint, etc.)<\/li><li>Retraits anticip\u00e9s sur les REER afin de g\u00e9rer l\u2019imp\u00f4t<\/li><li>R\u00e9gime de retraite individuelle<\/li><li>Maximisation du compte de dividendes en capital le cas \u00e9ch\u00e9ant<\/li><\/ul>\t\t\t\t\t\t\t\t<\/div>\n\t\t\t\t<\/div>\n\t\t\t\t<\/div>\n\t\t\t\t<\/div>\n\t\t\t\t\t<\/div>\n\t\t\t\t<\/div>\n\t\t\t\t<\/div>\n\t\t<div class=\"elementor-element elementor-element-475fb137 e-con-full e-flex e-con e-parent\" data-id=\"475fb137\" data-element_type=\"container\" data-e-type=\"container\" data-settings=\"{&quot;background_background&quot;:&quot;classic&quot;}\">\n\t\t\t\t<\/div>\n\t\t<div class=\"elementor-element elementor-element-4b393d3a e-con-full elementor-hidden-desktop elementor-hidden-tablet elementor-hidden-mobile e-flex e-con e-parent\" data-id=\"4b393d3a\" data-element_type=\"container\" data-e-type=\"container\">\n\t\t<div class=\"elementor-element elementor-element-113fd2c5 e-flex e-con-boxed e-con e-child\" data-id=\"113fd2c5\" data-element_type=\"container\" data-e-type=\"container\">\n\t\t\t\t\t<div class=\"e-con-inner\">\n\t\t<div class=\"elementor-element elementor-element-1b672dfb e-con-full e-flex e-con e-child\" data-id=\"1b672dfb\" data-element_type=\"container\" data-e-type=\"container\">\n\t\t\t\t<div class=\"elementor-element elementor-element-2daedbed elementor-widget__width-initial elementor-widget elementor-widget-heading\" data-id=\"2daedbed\" data-element_type=\"widget\" data-e-type=\"widget\" data-widget_type=\"heading.default\">\n\t\t\t\t<div class=\"elementor-widget-container\">\n\t\t\t\t\t<h3 class=\"elementor-heading-title elementor-size-default\">Votre plan. \n<span>Votre&nbsp;tranquillit\u00e9 d'esprit.<\/span><\/h3>\t\t\t\t<\/div>\n\t\t\t\t<\/div>\n\t\t\t\t<div class=\"elementor-element elementor-element-614cd8f9 elementor-widget elementor-widget-text-editor\" data-id=\"614cd8f9\" data-element_type=\"widget\" data-e-type=\"widget\" data-widget_type=\"text-editor.default\">\n\t\t\t\t<div class=\"elementor-widget-container\">\n\t\t\t\t\t\t\t\t\t<p>La planification successorale n&rsquo;est pas qu&rsquo;une question de documents &#8211; c&rsquo;est une question de clart\u00e9, de contr\u00f4le et de tranquillit\u00e9 d&rsquo;esprit. Notre \u00e9quipe travaille en \u00e9troite collaboration avec vous pour comprendre vos objectifs, prot\u00e9ger vos proches et veiller \u00e0 ce que votre h\u00e9ritage soit pr\u00e9serv\u00e9 exactement comme vous l&rsquo;entendez. Faisons en sorte que votre avenir soit aussi s\u00fbr que votre pr\u00e9sent.<\/p>\t\t\t\t\t\t\t\t<\/div>\n\t\t\t\t<\/div>\n\t\t\t\t<div class=\"elementor-element elementor-element-757af5d2 elementor-align-center elementor-widget elementor-widget-button\" data-id=\"757af5d2\" data-element_type=\"widget\" data-e-type=\"widget\" data-widget_type=\"button.default\">\n\t\t\t\t<div class=\"elementor-widget-container\">\n\t\t\t\t\t\t\t\t\t<div class=\"elementor-button-wrapper\">\n\t\t\t\t\t<a class=\"elementor-button elementor-button-link elementor-size-sm\" href=\"https:\/\/stage.myriadprivatewealth.com\/fr\/nous-joindre\/\">\n\t\t\t\t\t\t<span class=\"elementor-button-content-wrapper\">\n\t\t\t\t\t\t\t\t\t<span class=\"elementor-button-text\">En savoir plus<\/span>\n\t\t\t\t\t<\/span>\n\t\t\t\t\t<\/a>\n\t\t\t\t<\/div>\n\t\t\t\t\t\t\t\t<\/div>\n\t\t\t\t<\/div>\n\t\t\t\t<\/div>\n\t\t\t\t\t<\/div>\n\t\t\t\t<\/div>\n\t\t\t\t<\/div>\n\t\t\t\t<\/div>\n\t\t","protected":false},"excerpt":{"rendered":"<p>Planification fiscale Nous collaborons \u00e9troitement avec nos clients \u00e0 l\u2019\u00e9laboration d\u2019une structure fiscale efficace correspondant \u00e0 leurs besoins. Services offerts Fonds constitu\u00e9s en soci\u00e9t\u00e9 pour les investissements non enregistr\u00e9s Strat\u00e9gies pour \u00e9viter la r\u00e9cup\u00e9ration des prestations de la s\u00e9curit\u00e9 de la vieillesse Strat\u00e9gie de retour de capital en fin d\u2019ann\u00e9e pour r\u00e9duire l\u2019imp\u00f4t li\u00e9 au [&hellip;]<\/p>\n","protected":false},"author":1,"featured_media":1215,"parent":1362,"menu_order":0,"comment_status":"closed","ping_status":"closed","template":"","meta":{"inline_featured_image":false,"footnotes":""},"class_list":["post-1367","page","type-page","status-publish","has-post-thumbnail","hentry"],"_links":{"self":[{"href":"https:\/\/stage.myriadprivatewealth.com\/fr\/wp-json\/wp\/v2\/pages\/1367","targetHints":{"allow":["GET"]}}],"collection":[{"href":"https:\/\/stage.myriadprivatewealth.com\/fr\/wp-json\/wp\/v2\/pages"}],"about":[{"href":"https:\/\/stage.myriadprivatewealth.com\/fr\/wp-json\/wp\/v2\/types\/page"}],"author":[{"embeddable":true,"href":"https:\/\/stage.myriadprivatewealth.com\/fr\/wp-json\/wp\/v2\/users\/1"}],"replies":[{"embeddable":true,"href":"https:\/\/stage.myriadprivatewealth.com\/fr\/wp-json\/wp\/v2\/comments?post=1367"}],"version-history":[{"count":7,"href":"https:\/\/stage.myriadprivatewealth.com\/fr\/wp-json\/wp\/v2\/pages\/1367\/revisions"}],"predecessor-version":[{"id":2146,"href":"https:\/\/stage.myriadprivatewealth.com\/fr\/wp-json\/wp\/v2\/pages\/1367\/revisions\/2146"}],"up":[{"embeddable":true,"href":"https:\/\/stage.myriadprivatewealth.com\/fr\/wp-json\/wp\/v2\/pages\/1362"}],"wp:featuredmedia":[{"embeddable":true,"href":"https:\/\/stage.myriadprivatewealth.com\/fr\/wp-json\/wp\/v2\/media\/1215"}],"wp:attachment":[{"href":"https:\/\/stage.myriadprivatewealth.com\/fr\/wp-json\/wp\/v2\/media?parent=1367"}],"curies":[{"name":"wp","href":"https:\/\/api.w.org\/{rel}","templated":true}]}}