{"id":1374,"date":"2025-05-20T20:55:06","date_gmt":"2025-05-21T00:55:06","guid":{"rendered":"https:\/\/stage.myriadprivatewealth.com\/nos-services\/retirement-planning\/"},"modified":"2025-11-26T11:38:07","modified_gmt":"2025-11-26T15:38:07","slug":"planification-de-la-retraite","status":"publish","type":"page","link":"https:\/\/stage.myriadprivatewealth.com\/fr\/nos-services\/planification-de-la-retraite\/","title":{"rendered":"Planification de la retraite"},"content":{"rendered":"\t\t<div data-elementor-type=\"wp-page\" data-elementor-id=\"1374\" class=\"elementor elementor-1374 elementor-85\" data-elementor-post-type=\"page\">\n\t\t\t\t<div class=\"elementor-element elementor-element-4dded2ad e-con-full e-flex e-con e-parent\" data-id=\"4dded2ad\" data-element_type=\"container\" data-e-type=\"container\" data-settings=\"{&quot;background_background&quot;:&quot;classic&quot;}\">\n\t\t<div class=\"elementor-element elementor-element-1d74c24b e-flex e-con-boxed e-con e-child\" data-id=\"1d74c24b\" data-element_type=\"container\" data-e-type=\"container\">\n\t\t\t\t\t<div class=\"e-con-inner\">\n\t\t<div class=\"elementor-element elementor-element-56eac6db e-con-full e-flex e-con e-child\" data-id=\"56eac6db\" data-element_type=\"container\" data-e-type=\"container\">\n\t\t\t\t<div class=\"elementor-element elementor-element-72e1259 elementor-widget elementor-widget-heading\" data-id=\"72e1259\" data-element_type=\"widget\" data-e-type=\"widget\" data-widget_type=\"heading.default\">\n\t\t\t\t<div class=\"elementor-widget-container\">\n\t\t\t\t\t<h1 class=\"elementor-heading-title elementor-size-default\"><span>Planification de<\/span> la retraite<\/h1>\t\t\t\t<\/div>\n\t\t\t\t<\/div>\n\t\t\t\t<\/div>\n\t\t\t\t\t<\/div>\n\t\t\t\t<\/div>\n\t\t\t\t<\/div>\n\t\t<div class=\"elementor-element elementor-element-79051ffc e-con-full e-flex e-con e-parent\" data-id=\"79051ffc\" data-element_type=\"container\" data-e-type=\"container\">\n\t\t<div class=\"elementor-element elementor-element-5d1f5820 e-flex e-con-boxed e-con e-child\" data-id=\"5d1f5820\" data-element_type=\"container\" data-e-type=\"container\">\n\t\t\t\t\t<div class=\"e-con-inner\">\n\t\t<div class=\"elementor-element elementor-element-aa7be45 e-con-full e-flex e-con e-child\" data-id=\"aa7be45\" data-element_type=\"container\" data-e-type=\"container\">\n\t\t\t\t<div class=\"elementor-element elementor-element-53a9900f elementor-widget__width-initial elementor-widget elementor-widget-heading\" data-id=\"53a9900f\" data-element_type=\"widget\" data-e-type=\"widget\" data-widget_type=\"heading.default\">\n\t\t\t\t<div class=\"elementor-widget-container\">\n\t\t\t\t\t<h2 class=\"elementor-heading-title elementor-size-default\">Pr\u00e9parer la <span>retraite<\/span>?<\/h2>\t\t\t\t<\/div>\n\t\t\t\t<\/div>\n\t\t\t\t<div class=\"elementor-element elementor-element-1d87eb91 elementor-widget elementor-widget-text-editor\" data-id=\"1d87eb91\" data-element_type=\"widget\" data-e-type=\"widget\" data-widget_type=\"text-editor.default\">\n\t\t\t\t<div class=\"elementor-widget-container\">\n\t\t\t\t\t\t\t\t\t<p>Cela n\u2019est pas n\u00e9cessairement un exercice p\u00e9nible. Nous aidons nos clients \u00e0 faire fructifier leurs \u00e9pargnes en vue d\u2019une retraite douillette.<\/p>\t\t\t\t\t\t\t\t<\/div>\n\t\t\t\t<\/div>\n\t\t\t\t<\/div>\n\t\t<div class=\"elementor-element elementor-element-6553c526 e-grid e-con-full e-con e-child\" data-id=\"6553c526\" data-element_type=\"container\" data-e-type=\"container\">\n\t\t<div class=\"elementor-element elementor-element-5c5442fa e-con-full e-flex e-con e-child\" data-id=\"5c5442fa\" data-element_type=\"container\" data-e-type=\"container\">\n\t\t\t\t<div class=\"elementor-element elementor-element-15c01401 elementor-widget elementor-widget-image\" data-id=\"15c01401\" data-element_type=\"widget\" data-e-type=\"widget\" data-widget_type=\"image.default\">\n\t\t\t\t<div class=\"elementor-widget-container\">\n\t\t\t\t\t\t\t\t\t\t\t\t\t\t\t<img fetchpriority=\"high\" decoding=\"async\" width=\"1008\" height=\"590\" src=\"https:\/\/stage.myriadprivatewealth.com\/wp-content\/uploads\/2025\/06\/process4-wealth-preservator.jpg\" class=\"attachment-full size-full wp-image-1195\" alt=\"\" srcset=\"https:\/\/stage.myriadprivatewealth.com\/wp-content\/uploads\/2025\/06\/process4-wealth-preservator.jpg 1008w, https:\/\/stage.myriadprivatewealth.com\/wp-content\/uploads\/2025\/06\/process4-wealth-preservator-300x176.jpg 300w, https:\/\/stage.myriadprivatewealth.com\/wp-content\/uploads\/2025\/06\/process4-wealth-preservator-768x450.jpg 768w\" sizes=\"(max-width: 1008px) 100vw, 1008px\" \/>\t\t\t\t\t\t\t\t\t\t\t\t\t\t\t<\/div>\n\t\t\t\t<\/div>\n\t\t\t\t<\/div>\n\t\t<div class=\"elementor-element elementor-element-3294b3a4 e-con-full e-flex e-con e-child\" data-id=\"3294b3a4\" data-element_type=\"container\" data-e-type=\"container\">\n\t\t\t\t<div class=\"elementor-element elementor-element-610e8220 elementor-widget elementor-widget-heading\" data-id=\"610e8220\" data-element_type=\"widget\" data-e-type=\"widget\" data-widget_type=\"heading.default\">\n\t\t\t\t<div class=\"elementor-widget-container\">\n\t\t\t\t\t<h5 class=\"elementor-heading-title elementor-size-default\">Services offerts<\/h5>\t\t\t\t<\/div>\n\t\t\t\t<\/div>\n\t\t\t\t<div class=\"elementor-element elementor-element-4fbf122d elementor-widget elementor-widget-text-editor\" data-id=\"4fbf122d\" data-element_type=\"widget\" data-e-type=\"widget\" data-widget_type=\"text-editor.default\">\n\t\t\t\t<div class=\"elementor-widget-container\">\n\t\t\t\t\t\t\t\t\t<ul><li>Planification fiscale sur mesure en fonction des objectifs<\/li><li>Projection d\u00e9taill\u00e9e du flux mon\u00e9taire \u00e0 la retraite<\/li><li>Financement des \u00e9tudes postsecondaires de vos enfants (REE)<\/li><li>Options pour atteindre les objectifs \/ Sommaire de l\u2019avoir net<\/li><li>Strat\u00e9gies adapt\u00e9es aux CRI f\u00e9d\u00e9raux<\/li><li>Planification d\u2019\u00e9pargnes familiales pour former la prochaine g\u00e9n\u00e9ration<\/li><li>Analyse budg\u00e9taire et des d\u00e9penses<\/li><\/ul>\t\t\t\t\t\t\t\t<\/div>\n\t\t\t\t<\/div>\n\t\t\t\t<\/div>\n\t\t\t\t<\/div>\n\t\t\t\t\t<\/div>\n\t\t\t\t<\/div>\n\t\t\t\t<\/div>\n\t\t<div class=\"elementor-element elementor-element-7ceeced8 e-con-full e-flex e-con e-parent\" data-id=\"7ceeced8\" data-element_type=\"container\" data-e-type=\"container\" data-settings=\"{&quot;background_background&quot;:&quot;classic&quot;}\">\n\t\t\t\t<\/div>\n\t\t<div class=\"elementor-element elementor-element-6c623230 e-con-full elementor-hidden-desktop elementor-hidden-tablet elementor-hidden-mobile e-flex e-con e-parent\" data-id=\"6c623230\" data-element_type=\"container\" data-e-type=\"container\">\n\t\t<div class=\"elementor-element elementor-element-d350dd7 e-flex e-con-boxed e-con e-child\" data-id=\"d350dd7\" data-element_type=\"container\" data-e-type=\"container\">\n\t\t\t\t\t<div class=\"e-con-inner\">\n\t\t<div class=\"elementor-element elementor-element-2fde0dd2 e-con-full e-flex e-con e-child\" data-id=\"2fde0dd2\" data-element_type=\"container\" data-e-type=\"container\">\n\t\t\t\t<div class=\"elementor-element elementor-element-3d8cf8fb elementor-widget__width-initial elementor-widget elementor-widget-heading\" data-id=\"3d8cf8fb\" data-element_type=\"widget\" data-e-type=\"widget\" data-widget_type=\"heading.default\">\n\t\t\t\t<div class=\"elementor-widget-container\">\n\t\t\t\t\t<h3 class=\"elementor-heading-title elementor-size-default\">Votre plan. \n<span>Votre&nbsp;tranquillit\u00e9 d'esprit.<\/span><\/h3>\t\t\t\t<\/div>\n\t\t\t\t<\/div>\n\t\t\t\t<div class=\"elementor-element elementor-element-3fdc5baa elementor-widget elementor-widget-text-editor\" data-id=\"3fdc5baa\" data-element_type=\"widget\" data-e-type=\"widget\" data-widget_type=\"text-editor.default\">\n\t\t\t\t<div class=\"elementor-widget-container\">\n\t\t\t\t\t\t\t\t\t<p>La planification successorale n&rsquo;est pas qu&rsquo;une question de documents &#8211; c&rsquo;est une question de clart\u00e9, de contr\u00f4le et de tranquillit\u00e9 d&rsquo;esprit. Notre \u00e9quipe travaille en \u00e9troite collaboration avec vous pour comprendre vos objectifs, prot\u00e9ger vos proches et veiller \u00e0 ce que votre h\u00e9ritage soit pr\u00e9serv\u00e9 exactement comme vous l&rsquo;entendez. Faisons en sorte que votre avenir soit aussi s\u00fbr que votre pr\u00e9sent.<\/p>\t\t\t\t\t\t\t\t<\/div>\n\t\t\t\t<\/div>\n\t\t\t\t<div class=\"elementor-element elementor-element-1c9fb65f elementor-align-center elementor-widget elementor-widget-button\" data-id=\"1c9fb65f\" data-element_type=\"widget\" data-e-type=\"widget\" data-widget_type=\"button.default\">\n\t\t\t\t<div class=\"elementor-widget-container\">\n\t\t\t\t\t\t\t\t\t<div class=\"elementor-button-wrapper\">\n\t\t\t\t\t<a class=\"elementor-button elementor-button-link elementor-size-sm\" href=\"https:\/\/stage.myriadprivatewealth.com\/fr\/nous-joindre\/\">\n\t\t\t\t\t\t<span class=\"elementor-button-content-wrapper\">\n\t\t\t\t\t\t\t\t\t<span class=\"elementor-button-text\">En savoir plus<\/span>\n\t\t\t\t\t<\/span>\n\t\t\t\t\t<\/a>\n\t\t\t\t<\/div>\n\t\t\t\t\t\t\t\t<\/div>\n\t\t\t\t<\/div>\n\t\t\t\t<\/div>\n\t\t\t\t\t<\/div>\n\t\t\t\t<\/div>\n\t\t\t\t<\/div>\n\t\t\t\t<\/div>\n\t\t","protected":false},"excerpt":{"rendered":"<p>Planification de la retraite Pr\u00e9parer la retraite? Cela n\u2019est pas n\u00e9cessairement un exercice p\u00e9nible. Nous aidons nos clients \u00e0 faire fructifier leurs \u00e9pargnes en vue d\u2019une retraite douillette. Services offerts Planification fiscale sur mesure en fonction des objectifs Projection d\u00e9taill\u00e9e du flux mon\u00e9taire \u00e0 la retraite Financement des \u00e9tudes postsecondaires de vos enfants (REE) Options [&hellip;]<\/p>\n","protected":false},"author":1,"featured_media":721,"parent":1362,"menu_order":0,"comment_status":"closed","ping_status":"closed","template":"","meta":{"inline_featured_image":false,"footnotes":""},"class_list":["post-1374","page","type-page","status-publish","has-post-thumbnail","hentry"],"_links":{"self":[{"href":"https:\/\/stage.myriadprivatewealth.com\/fr\/wp-json\/wp\/v2\/pages\/1374","targetHints":{"allow":["GET"]}}],"collection":[{"href":"https:\/\/stage.myriadprivatewealth.com\/fr\/wp-json\/wp\/v2\/pages"}],"about":[{"href":"https:\/\/stage.myriadprivatewealth.com\/fr\/wp-json\/wp\/v2\/types\/page"}],"author":[{"embeddable":true,"href":"https:\/\/stage.myriadprivatewealth.com\/fr\/wp-json\/wp\/v2\/users\/1"}],"replies":[{"embeddable":true,"href":"https:\/\/stage.myriadprivatewealth.com\/fr\/wp-json\/wp\/v2\/comments?post=1374"}],"version-history":[{"count":12,"href":"https:\/\/stage.myriadprivatewealth.com\/fr\/wp-json\/wp\/v2\/pages\/1374\/revisions"}],"predecessor-version":[{"id":2331,"href":"https:\/\/stage.myriadprivatewealth.com\/fr\/wp-json\/wp\/v2\/pages\/1374\/revisions\/2331"}],"up":[{"embeddable":true,"href":"https:\/\/stage.myriadprivatewealth.com\/fr\/wp-json\/wp\/v2\/pages\/1362"}],"wp:featuredmedia":[{"embeddable":true,"href":"https:\/\/stage.myriadprivatewealth.com\/fr\/wp-json\/wp\/v2\/media\/721"}],"wp:attachment":[{"href":"https:\/\/stage.myriadprivatewealth.com\/fr\/wp-json\/wp\/v2\/media?parent=1374"}],"curies":[{"name":"wp","href":"https:\/\/api.w.org\/{rel}","templated":true}]}}