{"id":1393,"date":"2025-05-20T20:56:30","date_gmt":"2025-05-21T00:56:30","guid":{"rendered":"https:\/\/stage.myriadprivatewealth.com\/nos-services\/corporate-planning\/"},"modified":"2026-01-09T11:05:17","modified_gmt":"2026-01-09T15:05:17","slug":"planification-corporative","status":"publish","type":"page","link":"https:\/\/stage.myriadprivatewealth.com\/fr\/nos-services\/planification-corporative\/","title":{"rendered":"Planification corporative"},"content":{"rendered":"\t\t<div data-elementor-type=\"wp-page\" data-elementor-id=\"1393\" class=\"elementor elementor-1393 elementor-89\" data-elementor-post-type=\"page\">\n\t\t\t\t<div class=\"elementor-element elementor-element-bdaa1e6 e-con-full e-flex e-con e-parent\" data-id=\"bdaa1e6\" data-element_type=\"container\" data-e-type=\"container\" data-settings=\"{&quot;background_background&quot;:&quot;classic&quot;}\">\n\t\t<div class=\"elementor-element elementor-element-1087c92c e-flex e-con-boxed e-con e-child\" data-id=\"1087c92c\" data-element_type=\"container\" data-e-type=\"container\">\n\t\t\t\t\t<div class=\"e-con-inner\">\n\t\t<div class=\"elementor-element elementor-element-681523b2 e-con-full e-flex e-con e-child\" data-id=\"681523b2\" data-element_type=\"container\" data-e-type=\"container\">\n\t\t\t\t<div class=\"elementor-element elementor-element-439cbe29 elementor-widget elementor-widget-heading\" data-id=\"439cbe29\" data-element_type=\"widget\" data-e-type=\"widget\" data-widget_type=\"heading.default\">\n\t\t\t\t<div class=\"elementor-widget-container\">\n\t\t\t\t\t<h1 class=\"elementor-heading-title elementor-size-default\"><span>Planification<\/span> corporative<\/h1>\t\t\t\t<\/div>\n\t\t\t\t<\/div>\n\t\t\t\t<\/div>\n\t\t\t\t\t<\/div>\n\t\t\t\t<\/div>\n\t\t\t\t<\/div>\n\t\t<div class=\"elementor-element elementor-element-2b745755 e-con-full e-flex e-con e-parent\" data-id=\"2b745755\" data-element_type=\"container\" data-e-type=\"container\">\n\t\t<div class=\"elementor-element elementor-element-130f8220 e-flex e-con-boxed e-con e-child\" data-id=\"130f8220\" data-element_type=\"container\" data-e-type=\"container\">\n\t\t\t\t\t<div class=\"e-con-inner\">\n\t\t<div class=\"elementor-element elementor-element-7d327647 e-con-full e-flex e-con e-child\" data-id=\"7d327647\" data-element_type=\"container\" data-e-type=\"container\">\n\t\t\t\t<div class=\"elementor-element elementor-element-1710f77 elementor-widget__width-initial elementor-widget elementor-widget-heading\" data-id=\"1710f77\" data-element_type=\"widget\" data-e-type=\"widget\" data-widget_type=\"heading.default\">\n\t\t\t\t<div class=\"elementor-widget-container\">\n\t\t\t\t\t<h2 class=\"elementor-heading-title elementor-size-default\">Nous vous aidons <span>\u00e0 vous guider<\/span><\/h2>\t\t\t\t<\/div>\n\t\t\t\t<\/div>\n\t\t\t\t<div class=\"elementor-element elementor-element-213464b3 elementor-widget elementor-widget-text-editor\" data-id=\"213464b3\" data-element_type=\"widget\" data-e-type=\"widget\" data-widget_type=\"text-editor.default\">\n\t\t\t\t<div class=\"elementor-widget-container\">\n\t\t\t\t\t\t\t\t\t<p>Nous accompagnons les PME dans l\u2019implantation d\u2019un programme d\u2019avantages sociaux qui favorise la r\u00e9tention du personnel.<\/p>\t\t\t\t\t\t\t\t<\/div>\n\t\t\t\t<\/div>\n\t\t\t\t<\/div>\n\t\t<div class=\"elementor-element elementor-element-6db3d75 e-grid e-con-full e-con e-child\" data-id=\"6db3d75\" data-element_type=\"container\" data-e-type=\"container\">\n\t\t<div class=\"elementor-element elementor-element-13de8759 e-con-full e-flex e-con e-child\" data-id=\"13de8759\" data-element_type=\"container\" data-e-type=\"container\">\n\t\t\t\t<div class=\"elementor-element elementor-element-2927a17f elementor-widget elementor-widget-image\" data-id=\"2927a17f\" data-element_type=\"widget\" data-e-type=\"widget\" data-widget_type=\"image.default\">\n\t\t\t\t<div class=\"elementor-widget-container\">\n\t\t\t\t\t\t\t\t\t\t\t\t\t\t\t<img fetchpriority=\"high\" decoding=\"async\" width=\"1000\" height=\"590\" src=\"https:\/\/stage.myriadprivatewealth.com\/wp-content\/uploads\/2025\/06\/process5-corporate-maximizer.jpg\" class=\"attachment-full size-full wp-image-1197\" alt=\"\" srcset=\"https:\/\/stage.myriadprivatewealth.com\/wp-content\/uploads\/2025\/06\/process5-corporate-maximizer.jpg 1000w, https:\/\/stage.myriadprivatewealth.com\/wp-content\/uploads\/2025\/06\/process5-corporate-maximizer-300x177.jpg 300w, https:\/\/stage.myriadprivatewealth.com\/wp-content\/uploads\/2025\/06\/process5-corporate-maximizer-768x453.jpg 768w\" sizes=\"(max-width: 1000px) 100vw, 1000px\" \/>\t\t\t\t\t\t\t\t\t\t\t\t\t\t\t<\/div>\n\t\t\t\t<\/div>\n\t\t\t\t<\/div>\n\t\t<div class=\"elementor-element elementor-element-10b24bc9 e-con-full e-flex e-con e-child\" data-id=\"10b24bc9\" data-element_type=\"container\" data-e-type=\"container\">\n\t\t\t\t<div class=\"elementor-element elementor-element-15466ff elementor-widget elementor-widget-heading\" data-id=\"15466ff\" data-element_type=\"widget\" data-e-type=\"widget\" data-widget_type=\"heading.default\">\n\t\t\t\t<div class=\"elementor-widget-container\">\n\t\t\t\t\t<h5 class=\"elementor-heading-title elementor-size-default\">Services offerts*<\/h5>\t\t\t\t<\/div>\n\t\t\t\t<\/div>\n\t\t\t\t<div class=\"elementor-element elementor-element-19f042d elementor-widget elementor-widget-heading\" data-id=\"19f042d\" data-element_type=\"widget\" data-e-type=\"widget\" data-widget_type=\"heading.default\">\n\t\t\t\t<div class=\"elementor-widget-container\">\n\t\t\t\t\t<h6 class=\"elementor-heading-title elementor-size-default\">Prestations d\u2019assurance* collective<\/h6>\t\t\t\t<\/div>\n\t\t\t\t<\/div>\n\t\t\t\t<div class=\"elementor-element elementor-element-5fa698d elementor-widget elementor-widget-text-editor\" data-id=\"5fa698d\" data-element_type=\"widget\" data-e-type=\"widget\" data-widget_type=\"text-editor.default\">\n\t\t\t\t<div class=\"elementor-widget-container\">\n\t\t\t\t\t\t\t\t\t<ul><li>Assurance* maladie et dentaire<\/li><li>Assurance* vie<\/li><li>Assurance* invalidit\u00e9 de courte et de longue dur\u00e9e<\/li><\/ul>\t\t\t\t\t\t\t\t<\/div>\n\t\t\t\t<\/div>\n\t\t\t\t<div class=\"elementor-element elementor-element-7502f94 elementor-widget elementor-widget-heading\" data-id=\"7502f94\" data-element_type=\"widget\" data-e-type=\"widget\" data-widget_type=\"heading.default\">\n\t\t\t\t<div class=\"elementor-widget-container\">\n\t\t\t\t\t<h6 class=\"elementor-heading-title elementor-size-default\">R\u00e9gime de rente collective<\/h6>\t\t\t\t<\/div>\n\t\t\t\t<\/div>\n\t\t\t\t<div class=\"elementor-element elementor-element-637f132 elementor-widget elementor-widget-text-editor\" data-id=\"637f132\" data-element_type=\"widget\" data-e-type=\"widget\" data-widget_type=\"text-editor.default\">\n\t\t\t\t<div class=\"elementor-widget-container\">\n\t\t\t\t\t\t\t\t\t<ul><li>REER collectif<\/li><li>R\u00e9gime de participation diff\u00e9r\u00e9e aux b\u00e9n\u00e9fices (RPDB)<\/li><li>R\u00e9gime de pension agr\u00e9\u00e9<\/li><\/ul>\t\t\t\t\t\t\t\t<\/div>\n\t\t\t\t<\/div>\n\t\t\t\t<\/div>\n\t\t\t\t<\/div>\n\t\t\t\t<div class=\"elementor-element elementor-element-6a322e1 elementor-widget elementor-widget-text-editor\" data-id=\"6a322e1\" data-element_type=\"widget\" data-e-type=\"widget\" data-widget_type=\"text-editor.default\">\n\t\t\t\t<div class=\"elementor-widget-container\">\n\t\t\t\t\t\t\t\t\t<p><em>Divulgation.<\/em><\/p><p><em>Les produits et les services d\u2019assurance sont offerts par le biais de Services Financiers Alfie Inc., soci\u00e9t\u00e9 ind\u00e9pendante et distincte de iA Gestion priv\u00e9e de patrimoine inc. Seuls les produits et les services offerts par le biais de iA Gestion priv\u00e9e de patrimoine inc. sont couverts par le Fonds canadien de protection des investisseurs.<\/em><\/p><p><em>Les produits et les services d\u2019assurance sont offerts par le biais de Services Financiers Deckelbaum Inc., soci\u00e9t\u00e9 ind\u00e9pendante et distincte de iA Gestion priv\u00e9e de patrimoine inc. Seuls les produits et les services offerts par le biais de iA Gestion priv\u00e9e de patrimoine inc. sont couverts par le Fonds canadien de protection des investisseurs.<\/em><\/p><p><em>Les produits et les services d\u2019assurance sont offerts par le biais de Services Financiers MGC Inc., soci\u00e9t\u00e9 ind\u00e9pendante et distincte de iA Gestion priv\u00e9e de patrimoine inc. Seuls les produits et les services offerts par le biais de iA Gestion priv\u00e9e de patrimoine inc. sont couverts par le Fonds canadien de protection des investisseurs.<\/em><\/p><p><em>Les produits et les services d\u2019assurance sont offerts par le biais de Michael Habib, repr\u00e9sentant autonome. Seuls les produits et les services offerts par le biais de iA Gestion priv\u00e9e de patrimoine inc. sont couverts par le Fonds canadien de protection des investisseurs.<\/em><\/p>\t\t\t\t\t\t\t\t<\/div>\n\t\t\t\t<\/div>\n\t\t\t\t\t<\/div>\n\t\t\t\t<\/div>\n\t\t\t\t<\/div>\n\t\t<div class=\"elementor-element elementor-element-5b17451b e-con-full e-flex e-con e-parent\" data-id=\"5b17451b\" data-element_type=\"container\" data-e-type=\"container\" data-settings=\"{&quot;background_background&quot;:&quot;classic&quot;}\">\n\t\t\t\t<\/div>\n\t\t<div class=\"elementor-element elementor-element-7ee6129c e-con-full elementor-hidden-desktop elementor-hidden-tablet elementor-hidden-mobile e-flex e-con e-parent\" data-id=\"7ee6129c\" data-element_type=\"container\" data-e-type=\"container\">\n\t\t<div class=\"elementor-element elementor-element-2c3747cb e-flex e-con-boxed e-con e-child\" data-id=\"2c3747cb\" data-element_type=\"container\" data-e-type=\"container\">\n\t\t\t\t\t<div class=\"e-con-inner\">\n\t\t<div class=\"elementor-element elementor-element-5c57c82e e-con-full e-flex e-con e-child\" data-id=\"5c57c82e\" data-element_type=\"container\" data-e-type=\"container\">\n\t\t\t\t<div class=\"elementor-element elementor-element-49581535 elementor-widget__width-initial elementor-widget elementor-widget-heading\" data-id=\"49581535\" data-element_type=\"widget\" data-e-type=\"widget\" data-widget_type=\"heading.default\">\n\t\t\t\t<div class=\"elementor-widget-container\">\n\t\t\t\t\t<h3 class=\"elementor-heading-title elementor-size-default\">Votre plan. \n<span>Votre&nbsp;tranquillit\u00e9 d'esprit.<\/span><\/h3>\t\t\t\t<\/div>\n\t\t\t\t<\/div>\n\t\t\t\t<div class=\"elementor-element elementor-element-2ce7e98d elementor-widget elementor-widget-text-editor\" data-id=\"2ce7e98d\" data-element_type=\"widget\" data-e-type=\"widget\" data-widget_type=\"text-editor.default\">\n\t\t\t\t<div class=\"elementor-widget-container\">\n\t\t\t\t\t\t\t\t\t<p>La planification successorale n&rsquo;est pas qu&rsquo;une question de documents &#8211; c&rsquo;est une question de clart\u00e9, de contr\u00f4le et de tranquillit\u00e9 d&rsquo;esprit. Notre \u00e9quipe travaille en \u00e9troite collaboration avec vous pour comprendre vos objectifs, prot\u00e9ger vos proches et veiller \u00e0 ce que votre h\u00e9ritage soit pr\u00e9serv\u00e9 exactement comme vous l&rsquo;entendez. Faisons en sorte que votre avenir soit aussi s\u00fbr que votre pr\u00e9sent.<\/p>\t\t\t\t\t\t\t\t<\/div>\n\t\t\t\t<\/div>\n\t\t\t\t<div class=\"elementor-element elementor-element-6f775f22 elementor-align-center elementor-widget elementor-widget-button\" data-id=\"6f775f22\" data-element_type=\"widget\" data-e-type=\"widget\" data-widget_type=\"button.default\">\n\t\t\t\t<div class=\"elementor-widget-container\">\n\t\t\t\t\t\t\t\t\t<div class=\"elementor-button-wrapper\">\n\t\t\t\t\t<a class=\"elementor-button elementor-button-link elementor-size-sm\" href=\"https:\/\/stage.myriadprivatewealth.com\/fr\/nous-joindre\/\">\n\t\t\t\t\t\t<span class=\"elementor-button-content-wrapper\">\n\t\t\t\t\t\t\t\t\t<span class=\"elementor-button-text\">En savoir plus<\/span>\n\t\t\t\t\t<\/span>\n\t\t\t\t\t<\/a>\n\t\t\t\t<\/div>\n\t\t\t\t\t\t\t\t<\/div>\n\t\t\t\t<\/div>\n\t\t\t\t<\/div>\n\t\t\t\t\t<\/div>\n\t\t\t\t<\/div>\n\t\t\t\t<\/div>\n\t\t\t\t<\/div>\n\t\t","protected":false},"excerpt":{"rendered":"<p>Planification corporative Nous vous aidons \u00e0 vous guider Nous accompagnons les PME dans l\u2019implantation d\u2019un programme d\u2019avantages sociaux qui favorise la r\u00e9tention du personnel. Services offerts* Prestations d\u2019assurance* collective Assurance* maladie et dentaire Assurance* vie Assurance* invalidit\u00e9 de courte et de longue dur\u00e9e R\u00e9gime de rente collective REER collectif R\u00e9gime de participation diff\u00e9r\u00e9e aux b\u00e9n\u00e9fices [&hellip;]<\/p>\n","protected":false},"author":1,"featured_media":1191,"parent":1362,"menu_order":0,"comment_status":"closed","ping_status":"closed","template":"","meta":{"inline_featured_image":false,"footnotes":""},"class_list":["post-1393","page","type-page","status-publish","has-post-thumbnail","hentry"],"_links":{"self":[{"href":"https:\/\/stage.myriadprivatewealth.com\/fr\/wp-json\/wp\/v2\/pages\/1393","targetHints":{"allow":["GET"]}}],"collection":[{"href":"https:\/\/stage.myriadprivatewealth.com\/fr\/wp-json\/wp\/v2\/pages"}],"about":[{"href":"https:\/\/stage.myriadprivatewealth.com\/fr\/wp-json\/wp\/v2\/types\/page"}],"author":[{"embeddable":true,"href":"https:\/\/stage.myriadprivatewealth.com\/fr\/wp-json\/wp\/v2\/users\/1"}],"replies":[{"embeddable":true,"href":"https:\/\/stage.myriadprivatewealth.com\/fr\/wp-json\/wp\/v2\/comments?post=1393"}],"version-history":[{"count":14,"href":"https:\/\/stage.myriadprivatewealth.com\/fr\/wp-json\/wp\/v2\/pages\/1393\/revisions"}],"predecessor-version":[{"id":2439,"href":"https:\/\/stage.myriadprivatewealth.com\/fr\/wp-json\/wp\/v2\/pages\/1393\/revisions\/2439"}],"up":[{"embeddable":true,"href":"https:\/\/stage.myriadprivatewealth.com\/fr\/wp-json\/wp\/v2\/pages\/1362"}],"wp:featuredmedia":[{"embeddable":true,"href":"https:\/\/stage.myriadprivatewealth.com\/fr\/wp-json\/wp\/v2\/media\/1191"}],"wp:attachment":[{"href":"https:\/\/stage.myriadprivatewealth.com\/fr\/wp-json\/wp\/v2\/media?parent=1393"}],"curies":[{"name":"wp","href":"https:\/\/api.w.org\/{rel}","templated":true}]}}